{"id":9,"date":"2015-05-30T21:50:29","date_gmt":"2015-05-30T21:50:29","guid":{"rendered":"http:\/\/totaltheme.wpengine.com\/samus\/?page_id=9"},"modified":"2019-09-20T17:13:55","modified_gmt":"2019-09-20T15:13:55","slug":"home","status":"publish","type":"page","link":"https:\/\/telefonanlagenbau.net\/","title":{"rendered":"Leistungen"},"content":{"rendered":"[vc_row full_width=&#8220;stretch_row_content_no_spaces&#8220; column_spacing=&#8220;0px&#8220; bg_style=&#8220;stretch&#8220; css=&#8220;.vc_custom_1568827877965{margin-top: 0px !important;border-top-width: 0px !important;padding-top: 0px !important;background-position: center !important;background-repeat: no-repeat !important;background-size: cover !important;}&#8220;][vc_column][rev_slider_vc alias=&#8220;start&#8220;][\/vc_column][\/vc_row][vc_row gap=&#8220;20&#8243; equal_height=&#8220;yes&#8220; css=&#8220;.vc_custom_1568892730463{margin-top: 40px !important;margin-bottom: 20px !important;padding-top: 0px !important;padding-bottom: 0px !important;}&#8220;][vc_column width=&#8220;1\/2&#8243; css=&#8220;.vc_custom_1568892713534{margin-right: 0px !important;margin-bottom: 0px !important;margin-left: 0px !important;border-right-width: 0px !important;border-bottom-width: 0px !important;border-left-width: 0px !important;padding-right: 0px !important;padding-bottom: 0px !important;padding-left: 0px !important;}&#8220;][vc_single_image image=&#8220;1423&#8243; img_size=&#8220;large&#8220;][vc_row_inner equal_height=&#8220;yes&#8220; css=&#8220;.vc_custom_1568891621322{background-color: #f5f5f5 !important;}&#8220;][vc_column_inner css=&#8220;.vc_custom_1568890648505{margin-top: 0px !important;padding-top: 0px !important;}&#8220;][vc_empty_space height=&#8220;20px&#8220;][vc_column_text]\n<h1 style=\"text-align: center;\">IP-TK Systeme<\/h1>\n[\/vc_column_text][vc_empty_space height=&#8220;20px&#8220;][vc_column_text]\n<p style=\"text-align: center;\"><span style=\"font-size: 18px;\">Wir garantieren durch integrierte, professionelle und ma\u00dfgeschneiderte Anlagen den reibungslosen Telefoniebetrieb f\u00fcr Ihren Betrieb<\/span><\/p>\n[\/vc_column_text][\/vc_column_inner][\/vc_row_inner][\/vc_column][vc_column width=&#8220;1\/2&#8243; css=&#8220;.vc_custom_1568890936666{margin-right: 0px !important;margin-bottom: 0px !important;margin-left: 0px !important;border-right-width: 0px !important;border-bottom-width: 0px !important;border-left-width: 0px !important;padding-right: 0px !important;padding-bottom: 0px !important;padding-left: 0px !important;}&#8220;][vc_single_image image=&#8220;1405&#8243;][vc_row_inner equal_height=&#8220;yes&#8220; css=&#8220;.vc_custom_1568891627371{margin-right: 0px !important;margin-bottom: 0px !important;margin-left: 0px !important;border-top-width: 0px !important;border-right-width: 0px !important;border-bottom-width: 0px !important;border-left-width: 0px !important;padding-top: 0px !important;padding-right: 0px !important;padding-bottom: 0px !important;padding-left: 0px !important;background-color: #f5f5f5 !important;}&#8220;][vc_column_inner css=&#8220;.vc_custom_1568891371440{margin-right: 0px !important;margin-left: 0px !important;border-top-width: 0px !important;border-right-width: 0px !important;border-bottom-width: 0px !important;border-left-width: 0px !important;padding-top: 0px !important;padding-right: 0px !important;padding-bottom: 0px !important;padding-left: 0px !important;}&#8220;][vc_empty_space height=&#8220;20px&#8220;][vc_column_text]\n<h1 style=\"text-align: center;\">Rufanlagen\/Alarmserver<\/h1>\n[\/vc_column_text][vc_empty_space height=&#8220;20px&#8220;][vc_column_text]\n<p style=\"text-align: center;\"><span style=\"font-size: 18px;\">Wir installieren zeitgem\u00e4\u00dfe und vielseitige Alarmierungs-Systeme f\u00fcr die unterschiedlichsten Anforderungen. Damit sind sie auf der sicheren Seite!<\/span><\/p>\n[\/vc_column_text][\/vc_column_inner][\/vc_row_inner][\/vc_column][\/vc_row][vc_row gap=&#8220;20&#8243; equal_height=&#8220;yes&#8220; css=&#8220;.vc_custom_1568891857341{margin-top: 20px !important;margin-bottom: 40px !important;padding-top: 0px !important;padding-bottom: 0px !important;}&#8220;][vc_column width=&#8220;1\/2&#8243; css=&#8220;.vc_custom_1568890634912{margin-right: 0px !important;margin-bottom: 0px !important;margin-left: 0px !important;border-right-width: 0px !important;border-bottom-width: 0px !important;border-left-width: 0px !important;padding-right: 0px !important;padding-bottom: 0px !important;padding-left: 0px !important;}&#8220;][vc_single_image image=&#8220;1422&#8243; img_size=&#8220;large&#8220;][vc_row_inner css=&#8220;.vc_custom_1568891484384{background-color: #f5f5f5 !important;}&#8220;][vc_column_inner css=&#8220;.vc_custom_1568890648505{margin-top: 0px !important;padding-top: 0px !important;}&#8220;][vc_empty_space height=&#8220;20px&#8220;][vc_column_text]\n<h1 style=\"text-align: center;\">WLAN-Router L\u00f6sungen<\/h1>\n[\/vc_column_text][vc_empty_space height=&#8220;20px&#8220;][vc_column_text]\n<p style=\"text-align: center;\"><span style=\"font-size: 18px;\">Wir installieren Ihnen die optimale L\u00f6sung f\u00fcr komfortable und sichere WLAN-Systeme.<\/span><\/p>\n[\/vc_column_text][\/vc_column_inner][\/vc_row_inner][\/vc_column][vc_column width=&#8220;1\/2&#8243; css=&#8220;.vc_custom_1568890936666{margin-right: 0px !important;margin-bottom: 0px !important;margin-left: 0px !important;border-right-width: 0px !important;border-bottom-width: 0px !important;border-left-width: 0px !important;padding-right: 0px !important;padding-bottom: 0px !important;padding-left: 0px !important;}&#8220;][vc_single_image image=&#8220;1421&#8243;][vc_row_inner css=&#8220;.vc_custom_1568891433467{margin-right: 0px !important;margin-bottom: 0px !important;margin-left: 0px !important;border-top-width: 0px !important;border-right-width: 0px !important;border-bottom-width: 0px !important;border-left-width: 0px !important;padding-top: 0px !important;padding-right: 0px !important;padding-bottom: 0px !important;padding-left: 0px !important;background-color: #f5f5f5 !important;}&#8220;][vc_column_inner css=&#8220;.vc_custom_1568891371440{margin-right: 0px !important;margin-left: 0px !important;border-top-width: 0px !important;border-right-width: 0px !important;border-bottom-width: 0px !important;border-left-width: 0px !important;padding-top: 0px !important;padding-right: 0px !important;padding-bottom: 0px !important;padding-left: 0px !important;}&#8220;][vc_empty_space height=&#8220;20px&#8220;][vc_column_text]\n<h1 style=\"text-align: center;\">T\u00fcrkommunikation<\/h1>\n[\/vc_column_text][vc_empty_space height=&#8220;20px&#8220;][vc_column_text]\n<p style=\"text-align: center;\"><span style=\"font-size: 18px;\">Wir kombinieren T\u00fcrsprechanlagen und Telefone zu flexiblen und intelligenten T\u00fcrkommunikations-L\u00f6sungen.<\/span><\/p>\n[\/vc_column_text][\/vc_column_inner][\/vc_row_inner][\/vc_column][\/vc_row][vc_row full_width=&#8220;stretch_row&#8220; column_spacing=&#8220;0px&#8220; css=&#8220;.vc_custom_1568910008564{margin-bottom: 15px !important;padding-top: 50px !important;padding-bottom: 50px !important;background-color: #f5f5f5 !important;}&#8220;][vc_column width=&#8220;1\/4&#8243; css=&#8220;.vc_custom_1568892570530{padding-bottom: 15px !important;}&#8220;]<div class=\"vcex-module vcex-icon clr vcex-icon-normal vcex-icon-float-center has-bg remove-padding remove-dimensions\"><div class=\"vcex-icon-wrap\" style=\"color:#ffffff;background-color:#fc7216;border-radius:25px;height:80px;line-height:80px;width:80px;\"><span class=\"ticon ticon-comments-o\"><\/span><\/div><\/div>[vc_empty_space height=&#8220;20px&#8220;][vc_column_text]\n<h1 style=\"text-align: center;\">Beratung<\/h1>\n[\/vc_column_text][\/vc_column][vc_column width=&#8220;1\/4&#8243; css=&#8220;.vc_custom_1568892592143{padding-bottom: 15px !important;}&#8220;]<div class=\"vcex-module vcex-icon clr vcex-icon-normal vcex-icon-float-center has-bg remove-padding remove-dimensions\"><div class=\"vcex-icon-wrap\" style=\"color:#ffffff;background-color:#fc7216;border-radius:25px;height:80px;line-height:80px;width:80px;\"><span class=\"ticon ticon-pencil\"><\/span><\/div><\/div>[vc_empty_space height=&#8220;20&#8243;][vc_column_text]\n<h1 style=\"text-align: center;\">Konzeption<\/h1>\n[\/vc_column_text][\/vc_column][vc_column width=&#8220;1\/4&#8243; css=&#8220;.vc_custom_1568892596938{padding-bottom: 15px !important;}&#8220;]<div class=\"vcex-module vcex-icon clr vcex-icon-normal vcex-icon-float-center has-bg remove-padding remove-dimensions\"><div class=\"vcex-icon-wrap\" style=\"color:#ffffff;background-color:#fc7216;border-radius:25px;height:80px;line-height:80px;width:80px;\"><span class=\"ticon ticon-cogs\"><\/span><\/div><\/div>[vc_empty_space height=&#8220;20&#8243;][vc_column_text]\n<h1 style=\"text-align: center;\">Installation<\/h1>\n[\/vc_column_text][\/vc_column][vc_column width=&#8220;1\/4&#8243; css=&#8220;.vc_custom_1568892604051{padding-bottom: 15px !important;}&#8220;]<div class=\"vcex-module vcex-icon clr vcex-icon-normal vcex-icon-float-center has-bg remove-padding remove-dimensions\"><div class=\"vcex-icon-wrap\" style=\"color:#ffffff;background-color:#fc7216;border-radius:25px;height:80px;line-height:80px;width:80px;\"><span class=\"ticon ticon-phone\"><\/span><\/div><\/div>[vc_empty_space height=&#8220;20&#8243;][vc_column_text]\n<h1 style=\"text-align: center;\">Service<\/h1>\n[\/vc_column_text][\/vc_column][vc_column][vc_empty_space][vc_column_text]\n<p style=\"text-align: center;\"><span style=\"font-size: 18px;\">Von Beratung \u00fcber Konzeption und Installation bis hin zum Service. Alles aus einer Hand.<\/span><\/p>\n[\/vc_column_text][\/vc_column][\/vc_row][vc_row gap=&#8220;20&#8243; css=&#8220;.vc_custom_1568895065964{padding-top: 40px !important;}&#8220;][vc_column width=&#8220;1\/2&#8243; css=&#8220;.vc_custom_1568894672783{border-top-width: 20px !important;border-bottom-width: 20px !important;background-color: #f5f5f5 !important;}&#8220;]<div class=\"vcex-module vcex-heading vcex-heading-plain vc_custom_1568894929362\" style=\"color:#1e2e38;font-weight:600;\"><span class=\"vcex-heading-inner clr\"><span class=\"vcex-icon-wrap vcex-icon-position-left\" style=\"color:#ffffff;\"><span class=\"ticon ticon-puzzle-piece\"><\/span><\/span>PRODUKTE<\/span><\/div>[vc_empty_space height=&#8220;15px&#8220;][vc_column_text css=&#8220;.vc_custom_1568894939546{border-left-width: 10px !important;}&#8220;]<span style=\"font-size: 16px;\">Sie m\u00f6chten Wissen, welche Produkte wir haupts\u00e4chlich verbauen? Hier haben wir f\u00fcr Sie eine Auswahl zusammengestellt.<\/span>[\/vc_column_text][vc_empty_space height=&#8220;20px&#8220;]<a href=\"\/?page_id=1682\" class=\"vcex-button theme-button medium align-right inline animate-on-hover\"><span class=\"theme-button-inner\">Weiter<span class=\"vcex-icon-wrap theme-button-icon-right\"><span class=\"ticon ticon-arrow-right\"><\/span><\/span><\/span><\/a> [\/vc_column][vc_column width=&#8220;1\/2&#8243; css=&#8220;.vc_custom_1568895023255{border-top-width: 20px !important;border-bottom-width: 20px !important;background-color: #f5f5f5 !important;}&#8220;]<div class=\"vcex-module vcex-heading vcex-heading-plain vc_custom_1568895114371\" style=\"color:#1e2e38;font-weight:600;\"><span class=\"vcex-heading-inner clr\"><span class=\"vcex-icon-wrap vcex-icon-position-left\" style=\"color:#ffffff;\"><span class=\"ticon ticon-info-circle\"><\/span><\/span>KONTAKT<\/span><\/div>[vc_empty_space height=&#8220;15px&#8220;][vc_column_text css=&#8220;.vc_custom_1568895098179{border-left-width: 10px !important;}&#8220;]<span style=\"font-size: 16px;\">Haben Sie Fragen oder m\u00f6chten Sie sich von uns beraten lassen? Treten Sie mit uns in Kontakt, wir unterst\u00fctzen Sie gerne.<\/span>[\/vc_column_text][vc_empty_space height=&#8220;20px&#8220;]<a href=\"\/?page_id=1445\" class=\"vcex-button theme-button medium align-right inline animate-on-hover\"><span class=\"theme-button-inner\">Weiter<span class=\"vcex-icon-wrap theme-button-icon-right\"><span class=\"ticon ticon-arrow-right\"><\/span><\/span><\/span><\/a> [\/vc_column][\/vc_row][vc_row][vc_column][vc_column_text][vc_row column_spacing=&#8220;0px&#8220; no_margins=&#8220;true&#8220;][vc_column visibility=&#8220;hidden-phone&#8220; el_class=&#8220;isdn2voip2&#8243;][vc_single_image image=&#8220;1383&#8243; onclick=&#8220;custom_link&#8220; link=&#8220;\/?page_id=1777&#8243;][\/vc_column][\/vc_row]\n[\/vc_column_text][\/vc_column][\/vc_row]\n","protected":false},"excerpt":{"rendered":"<p>[vc_row full_width=&#8220;stretch_row_content_no_spaces&#8220; column_spacing=&#8220;0px&#8220; bg_style=&#8220;stretch&#8220; css=&#8220;.vc_custom_1568827877965{margin-top: 0px !important;border-top-width: 0px !important;padding-top: 0px !important;background-position: center !important;background-repeat: no-repeat !important;background-size: cover !important;}&#8220;][vc_column][rev_slider_vc alias=&#8220;start&#8220;][\/vc_column][\/vc_row][vc_row gap=&#8220;20&#8243; equal_height=&#8220;yes&#8220; css=&#8220;.vc_custom_1568892730463{margin-top: 40px !important;margin-bottom: 20px !important;padding-top: 0px !important;padding-bottom: 0px !important;}&#8220;][vc_column width=&#8220;1\/2&#8243; css=&#8220;.vc_custom_1568892713534{margin-right: 0px !important;margin-bottom: 0px !important;margin-left: 0px !important;border-right-width: 0px !important;border-bottom-width: 0px&hellip;<\/p>\n","protected":false},"author":1,"featured_media":0,"parent":0,"menu_order":0,"comment_status":"open","ping_status":"open","template":"","meta":{"footnotes":""},"class_list":["post-9","page","type-page","status-publish","hentry","entry","no-media"],"_links":{"self":[{"href":"https:\/\/telefonanlagenbau.net\/index.php?rest_route=\/wp\/v2\/pages\/9","targetHints":{"allow":["GET"]}}],"collection":[{"href":"https:\/\/telefonanlagenbau.net\/index.php?rest_route=\/wp\/v2\/pages"}],"about":[{"href":"https:\/\/telefonanlagenbau.net\/index.php?rest_route=\/wp\/v2\/types\/page"}],"author":[{"embeddable":true,"href":"https:\/\/telefonanlagenbau.net\/index.php?rest_route=\/wp\/v2\/users\/1"}],"replies":[{"embeddable":true,"href":"https:\/\/telefonanlagenbau.net\/index.php?rest_route=%2Fwp%2Fv2%2Fcomments&post=9"}],"version-history":[{"count":38,"href":"https:\/\/telefonanlagenbau.net\/index.php?rest_route=\/wp\/v2\/pages\/9\/revisions"}],"predecessor-version":[{"id":1726,"href":"https:\/\/telefonanlagenbau.net\/index.php?rest_route=\/wp\/v2\/pages\/9\/revisions\/1726"}],"wp:attachment":[{"href":"https:\/\/telefonanlagenbau.net\/index.php?rest_route=%2Fwp%2Fv2%2Fmedia&parent=9"}],"curies":[{"name":"wp","href":"https:\/\/api.w.org\/{rel}","templated":true}]}}