{"id":1849,"date":"2024-12-18T15:54:35","date_gmt":"2024-12-18T14:54:35","guid":{"rendered":"https:\/\/telefonanlagenbau.net\/?page_id=1849"},"modified":"2024-12-20T16:02:56","modified_gmt":"2024-12-20T15:02:56","slug":"kontakt","status":"publish","type":"page","link":"https:\/\/telefonanlagenbau.net\/?page_id=1849","title":{"rendered":"IT-Systemadministrator"},"content":{"rendered":"[vc_row full_width=&#8220;stretch_row&#8220; content_placement=&#8220;middle&#8220; gap=&#8220;20&#8243; equal_height=&#8220;yes&#8220; parallax=&#8220;vcex_parallax&#8220; parallax_direction=&#8220;down&#8220; wpex_bg_overlay=&#8220;color&#8220; css=&#8220;.vc_custom_1734706948328{margin-top: 0px !important;border-top-width: 0px !important;padding-top: 0px !important;background-image: url(https:\/\/telefonanlagenbau.net\/wp-content\/uploads\/2024\/12\/server_header.jpg?id=1855) !important;background-position: center;background-repeat: no-repeat !important;background-size: cover !important;}&#8220; min_height=&#8220;400&#8243; wpex_bg_overlay_color=&#8220;#fc7216&#8243; wpex_bg_overlay_opacity=&#8220;0.5&#8243;][vc_column css=&#8220;.vc_custom_1568897074077{margin-bottom: 0px !important;border-top-width: 0px !important;border-bottom-width: 0px !important;padding-bottom: 0px !important;}&#8220;][\/vc_column][\/vc_row][vc_row gap=&#8220;20&#8243; equal_height=&#8220;yes&#8220; css=&#8220;.vc_custom_1734706964180{padding-top: 40px !important;}&#8220;][vc_column css=&#8220;.vc_custom_1568897074077{margin-bottom: 0px !important;border-top-width: 0px !important;border-bottom-width: 0px !important;padding-bottom: 0px !important;}&#8220;][vc_column_text]<span style=\"font-size: 16px;\">Seit 1996 verkn\u00fcpfen wir Kommunikation (Telefonie) und IT-Infrastruktur und schaffen eine effiziente Verbindung dieser Kompetenzbereiche. Langj\u00e4hrige Gesch\u00e4ftsbeziehungen mit namhaften Partnern, Zulieferern und Kunden garantieren einen sicheren Arbeitsplatz. Wir suchen zum n\u00e4chstm\u00f6glichen Zeitpunkt eine\/n<\/span>[\/vc_column_text]<div class=\"vcex-module vcex-heading vcex-heading-plain vc_custom_1734706921945\" data-wpex-rcss='{&quot;font-size&quot;:{&quot;d&quot;:&quot;40px&quot;,&quot;tl&quot;:&quot;25px&quot;,&quot;tp&quot;:&quot;25px&quot;,&quot;pl&quot;:&quot;25px&quot;,&quot;pp&quot;:&quot;25px&quot;}}' style=\"color:#fc7216;font-weight:600;text-transform:uppercase;\"><span class=\"vcex-heading-inner clr\">IT-Systemadministrator:in (m\/w\/d)<\/span><\/div>[\/vc_column][\/vc_row][vc_row gap=&#8220;20&#8243; equal_height=&#8220;yes&#8220;][vc_column width=&#8220;1\/2&#8243;]<div class=\"vcex-module vcex-heading vcex-heading-plain vc_custom_1734531215979\" style=\"color:#fc7216;font-weight:600;\"><span class=\"vcex-heading-inner clr\">DEINE AUFGABEN<\/span><\/div><div class=\"vcex-module vcex-bullets custom-icon\">\n<ul>\n<li><div class=\"vcex-bullets-ci-wrap\"><span class=\"vcex-icon-wrap\"><span class=\"vcex-icon ticon ticon-check\" style=\"color:#fc7216\" aria-hidden=\"true\"><\/span><\/span><div class=\"vcex-content\"><span style=\"font-size: 16px\">Administration und \u00dcberwachung von Kundensystemen (Server, Netzwerke, Anwendungen)<\/span><\/div><\/div><\/li>\n<li><div class=\"vcex-bullets-ci-wrap\"><span class=\"vcex-icon-wrap\"><span class=\"vcex-icon ticon ticon-check\" style=\"color:#fc7216\" aria-hidden=\"true\"><\/span><\/span><div class=\"vcex-content\"><span style=\"font-size: 16px\">Durchf\u00fchrung von Installationen, Konfigurationen und Updates<\/span><\/div><\/div><\/li>\n<li><div class=\"vcex-bullets-ci-wrap\"><span class=\"vcex-icon-wrap\"><span class=\"vcex-icon ticon ticon-check\" style=\"color:#fc7216\" aria-hidden=\"true\"><\/span><\/span><div class=\"vcex-content\"><span style=\"font-size: 16px\">Fehleranalyse und -behebung bei technischen Problemen<\/span><\/div><\/div><\/li>\n<li><div class=\"vcex-bullets-ci-wrap\"><span class=\"vcex-icon-wrap\"><span class=\"vcex-icon ticon ticon-check\" style=\"color:#fc7216\" aria-hidden=\"true\"><\/span><\/span><div class=\"vcex-content\"><span style=\"font-size: 16px\">Konzeptionierung, Implementierung und Betreuung von VoIP-L\u00f6sungen<\/span><\/div><\/div><\/li>\n<li><div class=\"vcex-bullets-ci-wrap\"><span class=\"vcex-icon-wrap\"><span class=\"vcex-icon ticon ticon-check\" style=\"color:#fc7216\" aria-hidden=\"true\"><\/span><\/span><div class=\"vcex-content\"><span style=\"font-size: 16px\">Dokumentation von Systemkonfigurationen und Prozessen<\/span><\/div><\/div><\/li>\n<li><div class=\"vcex-bullets-ci-wrap\"><span class=\"vcex-icon-wrap\"><span class=\"vcex-icon ticon ticon-check\" style=\"color:#fc7216\" aria-hidden=\"true\"><\/span><\/span><div class=\"vcex-content\"><span style=\"font-size: 16px\">Schulung und Unterst\u00fctzung der Endanwender<\/span><\/div><\/div><\/li>\n<\/ul>\n<\/div>[\/vc_column][vc_column width=&#8220;1\/2&#8243;]<div class=\"vcex-module vcex-heading vcex-heading-plain vc_custom_1734531297188\" style=\"color:#fc7216;font-weight:600;\"><span class=\"vcex-heading-inner clr\">DEIN PROFIL<\/span><\/div><div class=\"vcex-module vcex-bullets custom-icon\">\n<ul>\n<li><div class=\"vcex-bullets-ci-wrap\"><span class=\"vcex-icon-wrap\"><span class=\"vcex-icon ticon ticon-check\" style=\"color:#fc7216\" aria-hidden=\"true\"><\/span><\/span><div class=\"vcex-content\"><span style=\"font-size: 16px\">Abgeschlossene Ausbildung im IT-Bereich oder vergleichbare Qualifikation, gerne auch Quereinsteiger<\/span><\/div><\/div><\/li>\n<li><div class=\"vcex-bullets-ci-wrap\"><span class=\"vcex-icon-wrap\"><span class=\"vcex-icon ticon ticon-check\" style=\"color:#fc7216\" aria-hidden=\"true\"><\/span><\/span><div class=\"vcex-content\"><span style=\"font-size: 16px\">Erfahrung in der Systemadministration<\/span><\/div><\/div><\/li>\n<li><div class=\"vcex-bullets-ci-wrap\"><span class=\"vcex-icon-wrap\"><span class=\"vcex-icon ticon ticon-check\" style=\"color:#fc7216\" aria-hidden=\"true\"><\/span><\/span><div class=\"vcex-content\"><span style=\"font-size: 16px\">Fundierte Kenntnisse in den Bereichen Netzwerkadministration, Serverlandschaften und IT-Security<\/span><\/div><\/div><\/li>\n<li><div class=\"vcex-bullets-ci-wrap\"><span class=\"vcex-icon-wrap\"><span class=\"vcex-icon ticon ticon-check\" style=\"color:#fc7216\" aria-hidden=\"true\"><\/span><\/span><div class=\"vcex-content\"><span style=\"font-size: 16px\">Erfahrung mit Cloud-Technologien und Sicherheitsrichtlinien w\u00fcnschenswert<\/span><\/div><\/div><\/li>\n<li><div class=\"vcex-bullets-ci-wrap\"><span class=\"vcex-icon-wrap\"><span class=\"vcex-icon ticon ticon-check\" style=\"color:#fc7216\" aria-hidden=\"true\"><\/span><\/span><div class=\"vcex-content\"><span style=\"font-size: 16px\">Kunden- und l\u00f6sungsorientierte Arbeitsweise<\/span><\/div><\/div><\/li>\n<\/ul>\n<\/div>[\/vc_column][\/vc_row][vc_row equal_height=&#8220;yes&#8220;][vc_column]<div class=\"vcex-module vcex-heading vcex-heading-plain vc_custom_1734533394331\" style=\"color:#fc7216;font-weight:600;text-align:center;\"><span class=\"vcex-heading-inner clr\">WIR BIETEN DIR<\/span><\/div>[\/vc_column][\/vc_row][vc_row gap=&#8220;20&#8243; equal_height=&#8220;yes&#8220;][vc_column width=&#8220;1\/5&#8243;]<div class=\"vcex-module vcex-icon-box clr vcex-icon-box-two\"><div class=\"vcex-icon-box-icon\" style=\"color:#fc7216;font-size:50px;\"><span class=\"ticon ticon-car\" aria-hidden=\"true\"><\/span><\/div><div class=\"vcex-icon-box-heading\" style=\"font-size:18px;\">FIRMENWAGEN<\/div><div class=\"vcex-icon-box-content clr\"><p style=\"text-align: center\"><span style=\"font-size: 16px\">f\u00fcr volle Flexibilit\u00e4t und Mobilit\u00e4t<\/span><\/p>\n<\/div><\/div>[\/vc_column][vc_column width=&#8220;1\/5&#8243;]<div class=\"vcex-module vcex-icon-box clr vcex-icon-box-two\"><div class=\"vcex-icon-box-icon\" style=\"color:#fc7216;font-size:50px;\"><span class=\"ticon ticon-home\" aria-hidden=\"true\"><\/span><\/div><div class=\"vcex-icon-box-heading\" style=\"font-size:18px;text-transform:uppercase;\">Homeoffice<\/div><div class=\"vcex-icon-box-content clr\"><p style=\"text-align: center\"><span style=\"font-size: 16px\">\u00a0Flexibles Arbeiten von zu Hause aus nach Absprache<\/span><\/p>\n<\/div><\/div>[\/vc_column][vc_column width=&#8220;1\/5&#8243;]<div class=\"vcex-module vcex-icon-box clr vcex-icon-box-two\"><div class=\"vcex-icon-box-icon\" style=\"color:#fc7216;font-size:50px;\"><span class=\"ticon ticon-graduation-cap\" aria-hidden=\"true\"><\/span><\/div><div class=\"vcex-icon-box-heading\" style=\"font-size:18px;text-transform:uppercase;\">WEITERBILDUNG<\/div><div class=\"vcex-icon-box-content clr\"><p style=\"text-align: center\"><span style=\"font-size: 16px\">wir unterst\u00fctzen dich bei deiner beruflichen und pers\u00f6nlichen Entwicklung<\/span><\/p>\n<\/div><\/div>[\/vc_column][vc_column width=&#8220;1\/5&#8243;]<div class=\"vcex-module vcex-icon-box clr vcex-icon-box-two\"><div class=\"vcex-icon-box-icon\" style=\"color:#fc7216;font-size:50px;\"><span class=\"ticon ticon-laptop\" aria-hidden=\"true\"><\/span><\/div><div class=\"vcex-icon-box-heading\" style=\"font-size:18px;text-transform:uppercase;\">Ausstattung<\/div><div class=\"vcex-icon-box-content clr\"><p style=\"text-align: center\"><span style=\"font-size: 16px\">Aktuelle Technologien und hochwertige Arbeitsmittel sind bei uns Standard<\/span><\/p>\n<\/div><\/div>[\/vc_column][vc_column width=&#8220;1\/5&#8243;]<div class=\"vcex-module vcex-icon-box clr vcex-icon-box-two\"><div class=\"vcex-icon-box-icon\" style=\"color:#fc7216;font-size:50px;\"><span class=\"ticon ticon-handshake-o\" aria-hidden=\"true\"><\/span><\/div><div class=\"vcex-icon-box-heading\" style=\"font-size:18px;text-transform:uppercase;\">Sicherer Job<\/div><div class=\"vcex-icon-box-content clr\"><p style=\"text-align: center\"><span style=\"font-size: 16px\">Planungssicherheit durch einen unbefristeten Arbeitsvertrag<\/span><\/p>\n<\/div><\/div>[\/vc_column][\/vc_row][vc_row][vc_column][vc_column_text]<span style=\"font-size: 16px;\">Wir freuen uns \u00fcber Deinen<span style=\"color: #fc7216;\"> <strong>Lebenslauf<\/strong> <\/span>per E-Mail an heiko.poetzsch@telefonanlagenbau.net. Alles andere (Anschreiben, Arbeitszeugnisse, Seminarbescheinigungen, Urkunden etc.) ist freiwillig und <span style=\"color: #fc7216;\"><strong>nicht notwendig<\/strong><\/span>.\u00a0<\/span><\/p>\n<p><span style=\"font-size: 16px;\">Bei Fragen kannst du uns gerne mailen oder direkt anrufen!<\/span>[\/vc_column_text][vc_empty_space height=&#8220;20px&#8220;][\/vc_column][\/vc_row]\n","protected":false},"excerpt":{"rendered":"<p>[vc_row full_width=&#8220;stretch_row&#8220; content_placement=&#8220;middle&#8220; gap=&#8220;20&#8243; equal_height=&#8220;yes&#8220; parallax=&#8220;vcex_parallax&#8220; parallax_direction=&#8220;down&#8220; wpex_bg_overlay=&#8220;color&#8220; css=&#8220;.vc_custom_1734706948328{margin-top: 0px !important;border-top-width: 0px !important;padding-top: 0px !important;background-image: url(https:\/\/telefonanlagenbau.net\/wp-content\/uploads\/2024\/12\/server_header.jpg?id=1855) !important;background-position: center;background-repeat: no-repeat !important;background-size: cover !important;}&#8220; min_height=&#8220;400&#8243; wpex_bg_overlay_color=&#8220;#fc7216&#8243; wpex_bg_overlay_opacity=&#8220;0.5&#8243;][vc_column css=&#8220;.vc_custom_1568897074077{margin-bottom: 0px !important;border-top-width: 0px !important;border-bottom-width: 0px !important;padding-bottom: 0px !important;}&#8220;][\/vc_column][\/vc_row][vc_row gap=&#8220;20&#8243; equal_height=&#8220;yes&#8220; css=&#8220;.vc_custom_1734706964180{padding-top: 40px !important;}&#8220;][vc_column css=&#8220;.vc_custom_1568897074077{margin-bottom:&hellip;<\/p>\n","protected":false},"author":1,"featured_media":0,"parent":0,"menu_order":0,"comment_status":"open","ping_status":"open","template":"","meta":{"footnotes":""},"class_list":["post-1849","page","type-page","status-publish","hentry","entry","no-media"],"_links":{"self":[{"href":"https:\/\/telefonanlagenbau.net\/index.php?rest_route=\/wp\/v2\/pages\/1849","targetHints":{"allow":["GET"]}}],"collection":[{"href":"https:\/\/telefonanlagenbau.net\/index.php?rest_route=\/wp\/v2\/pages"}],"about":[{"href":"https:\/\/telefonanlagenbau.net\/index.php?rest_route=\/wp\/v2\/types\/page"}],"author":[{"embeddable":true,"href":"https:\/\/telefonanlagenbau.net\/index.php?rest_route=\/wp\/v2\/users\/1"}],"replies":[{"embeddable":true,"href":"https:\/\/telefonanlagenbau.net\/index.php?rest_route=%2Fwp%2Fv2%2Fcomments&post=1849"}],"version-history":[{"count":5,"href":"https:\/\/telefonanlagenbau.net\/index.php?rest_route=\/wp\/v2\/pages\/1849\/revisions"}],"predecessor-version":[{"id":1857,"href":"https:\/\/telefonanlagenbau.net\/index.php?rest_route=\/wp\/v2\/pages\/1849\/revisions\/1857"}],"wp:attachment":[{"href":"https:\/\/telefonanlagenbau.net\/index.php?rest_route=%2Fwp%2Fv2%2Fmedia&parent=1849"}],"curies":[{"name":"wp","href":"https:\/\/api.w.org\/{rel}","templated":true}]}}