{"id":1777,"date":"2019-09-20T18:55:01","date_gmt":"2019-09-20T16:55:01","guid":{"rendered":"http:\/\/telefonanlagenbau.kratochwil.de\/?page_id=1777"},"modified":"2021-11-10T11:10:54","modified_gmt":"2021-11-10T10:10:54","slug":"fernwartung","status":"publish","type":"page","link":"https:\/\/telefonanlagenbau.net\/?page_id=1777","title":{"rendered":"Fernwartung"},"content":{"rendered":"[vc_row gap=&#8220;20&#8243; equal_height=&#8220;yes&#8220; css=&#8220;.vc_custom_1568895508093{padding-top: 40px !important;}&#8220;][vc_column css=&#8220;.vc_custom_1568998608393{border-top-width: 20px !important;border-bottom-width: 0px !important;}&#8220;]<div class=\"vcex-module vcex-heading vcex-heading-plain vc_custom_1568998554887\" style=\"color:#fc7216;font-weight:600;\"><span class=\"vcex-heading-inner clr\">Fernwartung<\/span><\/div>[vc_empty_space][vc_column_text css=&#8220;.vc_custom_1568998596800{border-left-width: 20px !important;padding-right: 20px !important;}&#8220;]<span style=\"font-size: 16px;\">Damit wir eine Fernwartung durchf\u00fchren k\u00f6nnen, ben\u00f6tigen Sie die passende Software. Diese k\u00f6nnen Sie hier herunterladen. Bitte w\u00e4hlen Sie ihr Betriebssystem.<\/span>[\/vc_column_text][\/vc_column][\/vc_row][vc_row gap=&#8220;20&#8243; equal_height=&#8220;yes&#8220; css=&#8220;.vc_custom_1583875686941{padding-top: 0px !important;}&#8220;][vc_column css=&#8220;.vc_custom_1568998608393{border-top-width: 20px !important;border-bottom-width: 0px !important;}&#8220;]<div class=\"vcex-module vcex-heading vcex-heading-plain vc_custom_1583875700603\" style=\"color:#fc7216;font-weight:600;\"><span class=\"vcex-heading-inner clr\">Fastviewer<\/span><\/div>[\/vc_column][\/vc_row][vc_row gap=&#8220;20&#8243; equal_height=&#8220;yes&#8220; css=&#8220;.vc_custom_1568998619515{padding-top: 0px !important;}&#8220;][vc_column width=&#8220;1\/2&#8243; css=&#8220;.vc_custom_1568998634594{border-top-width: 20px !important;border-bottom-width: 0px !important;}&#8220;][vc_icon icon_fontawesome=&#8220;fa fa-windows&#8220; color=&#8220;custom&#8220; size=&#8220;xl&#8220; align=&#8220;center&#8220; custom_color=&#8220;#fc7216&#8243; link=&#8220;url:http%3A%2F%2Fwww.fastviewer.com%2Fdemo%2FFastClient.exe||target:%20_blank|&#8220;][vc_column_text css=&#8220;.vc_custom_1568998847370{border-left-width: 20px !important;padding-right: 20px !important;}&#8220;]\n<p style=\"text-align: center;\"><span style=\"font-size: 16px;\">Download f\u00fcr Windows-Systeme<\/span><\/p>\n[\/vc_column_text][\/vc_column][vc_column width=&#8220;1\/2&#8243; css=&#8220;.vc_custom_1568998935267{border-top-width: 20px !important;}&#8220;][vc_icon icon_fontawesome=&#8220;fa fa-apple&#8220; color=&#8220;custom&#8220; size=&#8220;xl&#8220; align=&#8220;center&#8220; custom_color=&#8220;#fc7216&#8243; link=&#8220;url:https%3A%2F%2Ffastviewer.com%2Fdemo%2FFastClient.app.zip||target:%20_blank|&#8220; css=&#8220;.vc_custom_1591108672732{border-top-width: 20px !important;}&#8220;][vc_column_text css=&#8220;.vc_custom_1568998941471{border-left-width: 20px !important;padding-right: 20px !important;}&#8220;]\n<p style=\"text-align: center;\"><span style=\"font-size: 16px;\">Download f\u00fcr Mac-Systeme<\/span><\/p>\n[\/vc_column_text][\/vc_column][\/vc_row][vc_row gap=&#8220;20&#8243; css=&#8220;.vc_custom_1568895065964{padding-top: 40px !important;}&#8220;][vc_column width=&#8220;1\/2&#8243; css=&#8220;.vc_custom_1568999008159{border-top-width: 20px !important;border-bottom-width: 20px !important;}&#8220;]<div class=\"vcex-module vcex-heading vcex-heading-plain vc_custom_1583875608194\" style=\"color:#fc7216;font-weight:600;\"><span class=\"vcex-heading-inner clr\">PCvisit<\/span><\/div>[vc_empty_space][vc_icon icon_fontawesome=&#8220;fa fa-download&#8220; color=&#8220;custom&#8220; size=&#8220;xl&#8220; align=&#8220;center&#8220; custom_color=&#8220;#fc7216&#8243; link=&#8220;url:https%3A%2F%2Fnacl.pcvisit.com%2Ffast_update%2Fv1%2Fhosted%2Fjumplink%3Ffunc%3Ddownload%26productid%3D18%26product%3DguestSetup||target:%20_blank|&#8220; css=&#8220;.vc_custom_1583875672574{border-top-width: 20px !important;}&#8220;][vc_column_text css=&#8220;.vc_custom_1583875652849{border-left-width: 20px !important;padding-right: 20px !important;}&#8220;]\n<p style=\"text-align: center;\"><span style=\"font-size: 16px;\">Download\u00a0<\/span><\/p>\n<p>&nbsp;[\/vc_column_text][\/vc_column][vc_column width=&#8220;1\/2&#8243; css=&#8220;.vc_custom_1568998992819{border-top-width: 20px !important;border-bottom-width: 20px !important;background-color: #f5f5f5 !important;}&#8220;]<div class=\"vcex-module vcex-heading vcex-heading-plain vc_custom_1568998732923\" style=\"color:#1e2e38;font-weight:600;\"><span class=\"vcex-heading-inner clr\"><span class=\"vcex-icon-wrap vcex-icon-position-left\" style=\"color:#ffffff;\"><span class=\"ticon ticon-comments\"><\/span><\/span>KONTAKT<\/span><\/div>[vc_empty_space height=&#8220;20px&#8220;][vc_column_text css=&#8220;.vc_custom_1568998726525{border-left-width: 10px !important;}&#8220;]\n<div class=\"wpb_text_column wpb_content_element vc_custom_1568895098179\">\n<div class=\"wpb_wrapper\">\n<p><span style=\"font-size: 16px;\">Haben Sie Fragen oder m\u00f6chten Sie sich von uns beraten lassen? Treten Sie mit uns in Kontakt, wir unterst\u00fctzen Sie gerne.<\/span><\/p>\n<\/div>\n<\/div>\n[\/vc_column_text][vc_empty_space height=&#8220;15px&#8220;]<a href=\"\/?page_id=1506\" class=\"vcex-button theme-button medium align-right inline animate-on-hover\"><span class=\"theme-button-inner\">Weiter<span class=\"vcex-icon-wrap theme-button-icon-right\"><span class=\"ticon ticon-arrow-right\"><\/span><\/span><\/span><\/a> [\/vc_column][\/vc_row][vc_row][vc_column][vc_column_text][vc_row column_spacing=&#8220;0px&#8220; no_margins=&#8220;true&#8220;][vc_column visibility=&#8220;hidden-phone&#8220; el_class=&#8220;isdn2voip2&#8243;][vc_single_image image=&#8220;1383&#8243; onclick=&#8220;custom_link&#8220; link=&#8220;\/?page_id=1777&#8243;][\/vc_column][\/vc_row]\n[\/vc_column_text][\/vc_column][\/vc_row]\n","protected":false},"excerpt":{"rendered":"<p>[vc_row gap=&#8220;20&#8243; equal_height=&#8220;yes&#8220; css=&#8220;.vc_custom_1568895508093{padding-top: 40px !important;}&#8220;][vc_column css=&#8220;.vc_custom_1568998608393{border-top-width: 20px !important;border-bottom-width: 0px !important;}&#8220;][vc_empty_space][vc_column_text css=&#8220;.vc_custom_1568998596800{border-left-width: 20px !important;padding-right: 20px !important;}&#8220;]Damit wir eine Fernwartung durchf\u00fchren k\u00f6nnen, ben\u00f6tigen Sie die passende Software. Diese k\u00f6nnen Sie hier herunterladen. Bitte w\u00e4hlen Sie ihr Betriebssystem.[\/vc_column_text][\/vc_column][\/vc_row][vc_row gap=&#8220;20&#8243; equal_height=&#8220;yes&#8220; css=&#8220;.vc_custom_1583875686941{padding-top: 0px&hellip;<\/p>\n","protected":false},"author":1,"featured_media":0,"parent":0,"menu_order":0,"comment_status":"open","ping_status":"open","template":"","meta":{"footnotes":""},"class_list":["post-1777","page","type-page","status-publish","hentry","entry","no-media"],"_links":{"self":[{"href":"https:\/\/telefonanlagenbau.net\/index.php?rest_route=\/wp\/v2\/pages\/1777","targetHints":{"allow":["GET"]}}],"collection":[{"href":"https:\/\/telefonanlagenbau.net\/index.php?rest_route=\/wp\/v2\/pages"}],"about":[{"href":"https:\/\/telefonanlagenbau.net\/index.php?rest_route=\/wp\/v2\/types\/page"}],"author":[{"embeddable":true,"href":"https:\/\/telefonanlagenbau.net\/index.php?rest_route=\/wp\/v2\/users\/1"}],"replies":[{"embeddable":true,"href":"https:\/\/telefonanlagenbau.net\/index.php?rest_route=%2Fwp%2Fv2%2Fcomments&post=1777"}],"version-history":[{"count":5,"href":"https:\/\/telefonanlagenbau.net\/index.php?rest_route=\/wp\/v2\/pages\/1777\/revisions"}],"predecessor-version":[{"id":1833,"href":"https:\/\/telefonanlagenbau.net\/index.php?rest_route=\/wp\/v2\/pages\/1777\/revisions\/1833"}],"wp:attachment":[{"href":"https:\/\/telefonanlagenbau.net\/index.php?rest_route=%2Fwp%2Fv2%2Fmedia&parent=1777"}],"curies":[{"name":"wp","href":"https:\/\/api.w.org\/{rel}","templated":true}]}}