{"id":1748,"date":"2019-09-20T17:38:40","date_gmt":"2019-09-20T15:38:40","guid":{"rendered":"http:\/\/telefonanlagenbau.kratochwil.de\/?page_id=1748"},"modified":"2019-09-20T17:44:06","modified_gmt":"2019-09-20T15:44:06","slug":"opencom-1000","status":"publish","type":"page","link":"https:\/\/telefonanlagenbau.net\/?page_id=1748","title":{"rendered":"OpenCom 1000"},"content":{"rendered":"[vc_row full_width=&#8220;stretch_row_content_no_spaces&#8220; column_spacing=&#8220;0px&#8220; bg_style=&#8220;stretch&#8220; css=&#8220;.vc_custom_1568827877965{margin-top: 0px !important;border-top-width: 0px !important;padding-top: 0px !important;background-position: center !important;background-repeat: no-repeat !important;background-size: cover !important;}&#8220;][vc_column][rev_slider_vc alias=&#8220;oc1000&#8243;][\/vc_column][\/vc_row][vc_row content_placement=&#8220;middle&#8220; gap=&#8220;20&#8243; equal_height=&#8220;yes&#8220; css=&#8220;.vc_custom_1568989242656{padding-top: 40px !important;}&#8220;][vc_column width=&#8220;1\/2&#8243; css=&#8220;.vc_custom_1568993999990{margin-bottom: 0px !important;border-top-width: 20px !important;border-bottom-width: 40px !important;background-color: #f5f5f5 !important;}&#8220;]<div class=\"vcex-module vcex-heading vcex-heading-plain vc_custom_1568993961218\" style=\"color:#fc7216;font-weight:600;\"><span class=\"vcex-heading-inner clr\">OpenCom 1000<\/span><\/div>[vc_empty_space][vc_column_text css=&#8220;.vc_custom_1568993950887{border-left-width: 20px !important;padding-right: 20px !important;}&#8220;]<span style=\"font-size: 16px;\">Die OpenCom-1000-Familie erf\u00fcllt als Herzst\u00fcck der Kommunikations-Infrastruktur die heutigen und k\u00fcnftigen Anforderungen in Ihrem Gesch\u00e4ft.<\/span><\/p>\n<p><span style=\"font-size: 16px;\">Das System ist als offener Kommunikationsserver f\u00fcr individuelle Telekommunikations- und IP-Umgebungen konzipiert und bringt f\u00fcr typische Unternehmensanforderungen bereits ein komplettes Portfolio an Zusatzmodulen und Applikationen mit \u2013 bis hin zu speziellen Branchenl\u00f6sungen.<\/span><\/p>\n<p><span style=\"font-size: 16px;\">Als etabliertes System hat die OpenCom 1000 ihre St\u00e4rke bei einer Vielzahl von Gesch\u00e4ftskunden unterschiedlichster Gr\u00f6\u00dfenordnung bereits in der Praxis bewiesen.<\/span><\/p>\n<blockquote>\n<p><em><span style=\"font-size: 16px; color: #ff6600;\">Der flexible Kommunikationsserver f\u00fcr anspruchsvolle Gesch\u00e4ftskunden.<\/span><\/em><\/p>\n<\/blockquote>\n[\/vc_column_text][\/vc_column][vc_column width=&#8220;1\/2&#8243; css=&#8220;.vc_custom_1568890936666{margin-right: 0px !important;margin-bottom: 0px !important;margin-left: 0px !important;border-right-width: 0px !important;border-bottom-width: 0px !important;border-left-width: 0px !important;padding-right: 0px !important;padding-bottom: 0px !important;padding-left: 0px !important;}&#8220;][vc_single_image image=&#8220;1750&#8243; alignment=&#8220;center&#8220;][\/vc_column][\/vc_row][vc_row content_placement=&#8220;middle&#8220; gap=&#8220;20&#8243; equal_height=&#8220;yes&#8220; css=&#8220;.vc_custom_1568989375386{margin-bottom: 0px !important;border-bottom-width: 0px !important;padding-top: 0px !important;padding-bottom: 0px !important;}&#8220;][vc_column css=&#8220;.vc_custom_1568989394627{margin-bottom: 0px !important;border-top-width: 20px !important;border-bottom-width: 0px !important;padding-bottom: 0px !important;}&#8220;]<div class=\"vcex-module vcex-heading vcex-heading-plain vc_custom_1568994017041\" style=\"color:#fc7216;font-weight:600;\"><span class=\"vcex-heading-inner clr\">Flexible L\u00f6sungen f\u00fcr jeden Anspruch<br \/><\/span><\/div>[vc_empty_space][\/vc_column][\/vc_row][vc_row content_placement=&#8220;top&#8220; gap=&#8220;20&#8243; equal_height=&#8220;yes&#8220; css=&#8220;.vc_custom_1568989650819{padding-top: 0px !important;}&#8220;][vc_column width=&#8220;1\/4&#8243;]<div class=\"vcex-module vcex-icon clr vcex-icon-large vcex-icon-float-center remove-dimensions\"><div class=\"vcex-icon-wrap\" style=\"color:#fc7216;\"><span class=\"ticon ticon-mobile\"><\/span><\/div><\/div>[vc_empty_space height=&#8220;20px&#8220;][vc_column_text]\n<p style=\"text-align: center;\"><span style=\"font-size: 14px;\">Mobilit\u00e4t durch die Integration von Mobiltelefonen<\/span><\/p>\n[\/vc_column_text][\/vc_column][vc_column width=&#8220;1\/4&#8243;]<div class=\"vcex-module vcex-icon clr vcex-icon-large vcex-icon-float-center remove-dimensions\"><div class=\"vcex-icon-wrap\" style=\"color:#fc7216;\"><span class=\"ticon ticon-magic\"><\/span><\/div><\/div>[vc_empty_space height=&#8220;20px&#8220;][vc_column_text]\n<p style=\"text-align: center;\"><span style=\"font-size: 14px;\">Individuelle Erweiterungen und Branchenl\u00f6sungen<\/span><\/p>\n[\/vc_column_text][\/vc_column][vc_column width=&#8220;1\/4&#8243;]<div class=\"vcex-module vcex-icon clr vcex-icon-large vcex-icon-float-center remove-dimensions\"><div class=\"vcex-icon-wrap\" style=\"color:#fc7216;\"><span class=\"ticon ticon-cogs\"><\/span><\/div><\/div>[vc_empty_space height=&#8220;20px&#8220;][vc_column_text]\n<p style=\"text-align: center;\"><span style=\"font-size: 14px;\">Integration von E-Mail, Fax, Voice-Mail etc.<\/span><\/p>\n[\/vc_column_text][\/vc_column][vc_column width=&#8220;1\/4&#8243;]<div class=\"vcex-module vcex-icon clr vcex-icon-large vcex-icon-float-center remove-dimensions\"><div class=\"vcex-icon-wrap\" style=\"color:#fc7216;\"><span class=\"ticon ticon-users\"><\/span><\/div><\/div>[vc_empty_space height=&#8220;20px&#8220;][vc_column_text]\n<p style=\"text-align: center;\"><span style=\"font-size: 14px;\">Bis zu 2000 Nutzer<\/span><\/p>\n[\/vc_column_text][\/vc_column][\/vc_row][vc_row content_placement=&#8220;middle&#8220; gap=&#8220;20&#8243; equal_height=&#8220;yes&#8220; css=&#8220;.vc_custom_1568989375386{margin-bottom: 0px !important;border-bottom-width: 0px !important;padding-top: 0px !important;padding-bottom: 0px !important;}&#8220;][vc_column css=&#8220;.vc_custom_1568989394627{margin-bottom: 0px !important;border-top-width: 20px !important;border-bottom-width: 0px !important;padding-bottom: 0px !important;}&#8220;]<div class=\"vcex-module vcex-heading vcex-heading-plain vc_custom_1568994131400\" style=\"color:#fc7216;font-weight:600;\"><span class=\"vcex-heading-inner clr\">Intelligentes Anrufmanagement &amp; BusinessCTI<\/span><\/div>[vc_empty_space][\/vc_column][\/vc_row][vc_row content_placement=&#8220;top&#8220; gap=&#8220;20&#8243; equal_height=&#8220;yes&#8220; css=&#8220;.vc_custom_1568989650819{padding-top: 0px !important;}&#8220;][vc_column width=&#8220;1\/4&#8243;]<div class=\"vcex-module vcex-icon clr vcex-icon-large vcex-icon-float-center remove-dimensions\"><div class=\"vcex-icon-wrap\" style=\"color:#fc7216;\"><span class=\"ticon ticon-arrows\"><\/span><\/div><\/div>[vc_empty_space height=&#8220;20px&#8220;][vc_column_text]\n<p style=\"text-align: center;\"><span style=\"font-size: 14px;\">OpenACD 500<\/span><br \/>\n<span style=\"font-size: 14px;\">Integrierte Anrufverteilung<\/span><\/p>\n[\/vc_column_text][\/vc_column][vc_column width=&#8220;1\/4&#8243;]<div class=\"vcex-module vcex-icon clr vcex-icon-large vcex-icon-float-center remove-dimensions\"><div class=\"vcex-icon-wrap\" style=\"color:#fc7216;\"><span class=\"ticon ticon-sitemap\"><\/span><\/div><\/div>[vc_empty_space height=&#8220;20px&#8220;][vc_column_text]\n<p style=\"text-align: center;\"><span style=\"font-size: 14px;\">OpenAttendant 500<\/span><br \/>\n<span style=\"font-size: 14px;\">Automatische sprachgef\u00fchrte Anrufverteilung<\/span><\/p>\n[\/vc_column_text][\/vc_column][vc_column width=&#8220;1\/4&#8243;]<div class=\"vcex-module vcex-icon clr vcex-icon-large vcex-icon-float-center remove-dimensions\"><div class=\"vcex-icon-wrap\" style=\"color:#fc7216;\"><span class=\"ticon ticon-envelope\"><\/span><\/div><\/div>[vc_empty_space height=&#8220;20px&#8220;][vc_column_text]\n<p style=\"text-align: center;\"><span style=\"font-size: 14px;\">Outlook-Integration mit Wahlhilfe sowie Kontakt- und Aufgabenverwaltung<\/span><\/p>\n[\/vc_column_text][\/vc_column][vc_column width=&#8220;1\/4&#8243;]<div class=\"vcex-module vcex-icon clr vcex-icon-large vcex-icon-float-center remove-dimensions\"><div class=\"vcex-icon-wrap\" style=\"color:#fc7216;\"><span class=\"ticon ticon-desktop\"><\/span><\/div><\/div>[vc_empty_space height=&#8220;20px&#8220;][vc_column_text]\n<p style=\"text-align: center;\"><span style=\"font-size: 14px;\">Computergest\u00fctzte Bedienung mit komfortabler Benutzeroberfl\u00e4che<\/span><\/p>\n[\/vc_column_text][\/vc_column][\/vc_row][vc_row][vc_column][vc_column_text][vc_row column_spacing=&#8220;0px&#8220; no_margins=&#8220;true&#8220;][vc_column visibility=&#8220;hidden-phone&#8220; el_class=&#8220;isdn2voip2&#8243;][vc_single_image image=&#8220;1383&#8243; onclick=&#8220;custom_link&#8220; link=&#8220;\/?page_id=1777&#8243;][\/vc_column][\/vc_row]\n[\/vc_column_text][\/vc_column][\/vc_row]\n","protected":false},"excerpt":{"rendered":"<p>[vc_row full_width=&#8220;stretch_row_content_no_spaces&#8220; column_spacing=&#8220;0px&#8220; bg_style=&#8220;stretch&#8220; css=&#8220;.vc_custom_1568827877965{margin-top: 0px !important;border-top-width: 0px !important;padding-top: 0px !important;background-position: center !important;background-repeat: no-repeat !important;background-size: cover !important;}&#8220;][vc_column][rev_slider_vc alias=&#8220;oc1000&#8243;][\/vc_column][\/vc_row][vc_row content_placement=&#8220;middle&#8220; gap=&#8220;20&#8243; equal_height=&#8220;yes&#8220; css=&#8220;.vc_custom_1568989242656{padding-top: 40px !important;}&#8220;][vc_column width=&#8220;1\/2&#8243; css=&#8220;.vc_custom_1568993999990{margin-bottom: 0px !important;border-top-width: 20px !important;border-bottom-width: 40px !important;background-color: #f5f5f5 !important;}&#8220;][vc_empty_space][vc_column_text css=&#8220;.vc_custom_1568993950887{border-left-width: 20px !important;padding-right: 20px !important;}&#8220;]Die OpenCom-1000-Familie&hellip;<\/p>\n","protected":false},"author":1,"featured_media":0,"parent":1682,"menu_order":0,"comment_status":"open","ping_status":"open","template":"","meta":{"footnotes":""},"class_list":["post-1748","page","type-page","status-publish","hentry","entry","no-media"],"_links":{"self":[{"href":"https:\/\/telefonanlagenbau.net\/index.php?rest_route=\/wp\/v2\/pages\/1748","targetHints":{"allow":["GET"]}}],"collection":[{"href":"https:\/\/telefonanlagenbau.net\/index.php?rest_route=\/wp\/v2\/pages"}],"about":[{"href":"https:\/\/telefonanlagenbau.net\/index.php?rest_route=\/wp\/v2\/types\/page"}],"author":[{"embeddable":true,"href":"https:\/\/telefonanlagenbau.net\/index.php?rest_route=\/wp\/v2\/users\/1"}],"replies":[{"embeddable":true,"href":"https:\/\/telefonanlagenbau.net\/index.php?rest_route=%2Fwp%2Fv2%2Fcomments&post=1748"}],"version-history":[{"count":3,"href":"https:\/\/telefonanlagenbau.net\/index.php?rest_route=\/wp\/v2\/pages\/1748\/revisions"}],"predecessor-version":[{"id":1752,"href":"https:\/\/telefonanlagenbau.net\/index.php?rest_route=\/wp\/v2\/pages\/1748\/revisions\/1752"}],"up":[{"embeddable":true,"href":"https:\/\/telefonanlagenbau.net\/index.php?rest_route=\/wp\/v2\/pages\/1682"}],"wp:attachment":[{"href":"https:\/\/telefonanlagenbau.net\/index.php?rest_route=%2Fwp%2Fv2%2Fmedia&parent=1748"}],"curies":[{"name":"wp","href":"https:\/\/api.w.org\/{rel}","templated":true}]}}