{"id":1740,"date":"2019-09-20T17:25:41","date_gmt":"2019-09-20T15:25:41","guid":{"rendered":"http:\/\/telefonanlagenbau.kratochwil.de\/?page_id=1740"},"modified":"2019-09-25T21:09:35","modified_gmt":"2019-09-25T19:09:35","slug":"mitel-100-opencom-100","status":"publish","type":"page","link":"https:\/\/telefonanlagenbau.net\/?page_id=1740","title":{"rendered":"Mitel 100 \/ OpenCom 100"},"content":{"rendered":"[vc_row full_width=&#8220;stretch_row_content_no_spaces&#8220; column_spacing=&#8220;0px&#8220; bg_style=&#8220;stretch&#8220; css=&#8220;.vc_custom_1568827877965{margin-top: 0px !important;border-top-width: 0px !important;padding-top: 0px !important;background-position: center !important;background-repeat: no-repeat !important;background-size: cover !important;}&#8220;][vc_column][rev_slider_vc alias=&#8220;oc100&#8243;][\/vc_column][\/vc_row][vc_row content_placement=&#8220;middle&#8220; gap=&#8220;20&#8243; equal_height=&#8220;yes&#8220; css=&#8220;.vc_custom_1568989242656{padding-top: 40px !important;}&#8220;][vc_column width=&#8220;1\/2&#8243; css=&#8220;.vc_custom_1568993221714{border-top-width: 20px !important;border-bottom-width: 40px !important;}&#8220;]<div class=\"vcex-module vcex-heading vcex-heading-plain vc_custom_1568993236850\" style=\"color:#fc7216;font-weight:600;\"><span class=\"vcex-heading-inner clr\">Mitel 100<\/span><\/div>[vc_empty_space][vc_column_text css=&#8220;.vc_custom_1568993609721{border-left-width: 20px !important;padding-right: 20px !important;}&#8220;]<span style=\"font-size: 16px;\">Die Mitel 100 ist die Erg\u00e4nzung der bew\u00e4hrten OpenCom-100-Familie f\u00fcr das All-IP Netz. Sie ist f\u00fcr alle Kunden geeignet, die f\u00fcr ihren Zugang zum \u00f6ffentlichen Netz ausschlie\u00dflich auf IP setzen. Neben IP oder SIP Endger\u00e4ten k\u00f6nnen weiterhin analoge oder 2-Draht gebundene Systemtelefone genutzt werden.<\/span>[\/vc_column_text][\/vc_column][vc_column width=&#8220;1\/2&#8243; css=&#8220;.vc_custom_1568890936666{margin-right: 0px !important;margin-bottom: 0px !important;margin-left: 0px !important;border-right-width: 0px !important;border-bottom-width: 0px !important;border-left-width: 0px !important;padding-right: 0px !important;padding-bottom: 0px !important;padding-left: 0px !important;}&#8220;][vc_single_image image=&#8220;1742&#8243; alignment=&#8220;center&#8220;][\/vc_column][\/vc_row][vc_row content_placement=&#8220;top&#8220; gap=&#8220;20&#8243; equal_height=&#8220;yes&#8220; css=&#8220;.vc_custom_1568989650819{padding-top: 0px !important;}&#8220;][vc_column width=&#8220;1\/4&#8243;]<div class=\"vcex-module vcex-icon clr vcex-icon-large vcex-icon-float-center remove-dimensions\"><div class=\"vcex-icon-wrap\" style=\"color:#fc7216;\"><span class=\"ticon ticon-cogs\"><\/span><\/div><\/div>[vc_empty_space height=&#8220;20px&#8220;][vc_column_text]\n<p style=\"text-align: center;\"><span style=\"font-size: 14px;\">Integration in ein lokales Netzwerk (LAN)<\/span><\/p>\n[\/vc_column_text][\/vc_column][vc_column width=&#8220;1\/4&#8243;]<div class=\"vcex-module vcex-icon clr vcex-icon-large vcex-icon-float-center remove-dimensions\"><div class=\"vcex-icon-wrap\" style=\"color:#fc7216;\"><span class=\"ticon ticon-mobile\"><\/span><\/div><\/div>[vc_empty_space height=&#8220;20px&#8220;][vc_column_text]\n<p style=\"text-align: center;\"><span style=\"font-size: 14px;\">Mobilit\u00e4t durch DECT-Mehrzellen-Kommunikationssystem<\/span><\/p>\n[\/vc_column_text][\/vc_column][vc_column width=&#8220;1\/4&#8243;]<div class=\"vcex-module vcex-icon clr vcex-icon-large vcex-icon-float-center remove-dimensions\"><div class=\"vcex-icon-wrap\" style=\"color:#fc7216;\"><span class=\"ticon ticon-phone\"><\/span><\/div><\/div>[vc_empty_space height=&#8220;20px&#8220;][vc_column_text]\n<p style=\"text-align: center;\"><span style=\"font-size: 14px;\">Systemtelefonie mit einfacher Bedienung<\/span><\/p>\n[\/vc_column_text][\/vc_column][vc_column width=&#8220;1\/4&#8243;]<div class=\"vcex-module vcex-icon clr vcex-icon-large vcex-icon-float-center remove-dimensions\"><div class=\"vcex-icon-wrap\" style=\"color:#fc7216;\"><span class=\"ticon ticon-wrench\"><\/span><\/div><\/div>[vc_empty_space height=&#8220;20px&#8220;][vc_column_text]\n<p style=\"text-align: center;\"><span style=\"font-size: 14px;\">Einfache Anlagenkonfiguration \u00fcber den PC mit Web-Browser<\/span><\/p>\n[\/vc_column_text][\/vc_column][\/vc_row][vc_row content_placement=&#8220;middle&#8220; gap=&#8220;20&#8243; css=&#8220;.vc_custom_1568993570678{margin-bottom: 0px !important;padding-top: 20px !important;padding-bottom: 0px !important;}&#8220;][vc_column css=&#8220;.vc_custom_1568989987641{border-top-width: 20px !important;border-bottom-width: 20px !important;}&#8220;]<div class=\"vcex-module vcex-heading vcex-heading-plain vc_custom_1568993555230\" style=\"color:#fc7216;font-weight:600;\"><span class=\"vcex-heading-inner clr\">OpenCom 100<\/span><\/div>[vc_empty_space height=&#8220;20px&#8220;][vc_column_text css=&#8220;.vc_custom_1568993622686{border-left-width: 20px !important;}&#8220;]<span style=\"font-size: 16px;\">Mit der OpenCom 100 k\u00f6nnen vorhandene ISDN-Leitungen weiterhin genutzt werden. Durch den Einsatz eines optionalen Gateway-Moduls kann sp\u00e4ter auf das All-IP Netz umgestellt werden.<\/span><\/p>\n<p><span style=\"font-size: 16px;\">Neben analogen und 2-Draht gebundenen Systemtelefonen k\u00f6nnen auch IP-Systemtelefone sowie SIP-Telefone genutzt werden.<\/span>[\/vc_column_text][\/vc_column][\/vc_row][vc_row content_placement=&#8220;middle&#8220; gap=&#8220;20&#8243; css=&#8220;.vc_custom_1568990644003{margin-bottom: 40px !important;padding-top: 20px !important;padding-bottom: 0px !important;background-color: #f5f5f5 !important;}&#8220;][vc_column width=&#8220;1\/2&#8243; css=&#8220;.vc_custom_1568989987641{border-top-width: 20px !important;border-bottom-width: 20px !important;}&#8220;]<div class=\"vcex-module vcex-heading vcex-heading-plain vc_custom_1568993373230\" style=\"color:#fc7216;font-weight:600;\"><span class=\"vcex-heading-inner clr\">Systemausbau durch Applikationen<\/span><\/div>[vc_empty_space height=&#8220;20px&#8220;][vc_column_text]\n<ul>\n<li><span style=\"font-size: 16px;\"><strong>Mitel ACD 100<\/strong>\u00a0\u2013 Automatische Anrufverteilung<\/span><\/li>\n<li><span style=\"font-size: 16px;\"><strong>OpenVoice 200<\/strong>\u00a0\u2013 Voicemail mit Ansage vor dem Melden<\/span><\/li>\n<li><span style=\"font-size: 16px;\"><strong>OpenCTI 50<\/strong>\u00a0\u2013 Browserbasiertes CTI<\/span><\/li>\n<li><span style=\"font-size: 16px;\"><strong>OpenAttendant 210<\/strong>\u00a0\u2013 Informations- und Ansagedienst<\/span><\/li>\n<li><span style=\"font-size: 16px;\"><strong>OpenCompany 45<\/strong>\u00a0\u2013 Mehrfirmenunterst\u00fctzung<\/span><\/li>\n<li><span style=\"font-size: 16px;\"><strong>OpenCount 100<\/strong>\u00a0\u2013 Gespr\u00e4chsdatenerfassung<\/span><\/li>\n<li><span style=\"font-size: 16px;\"><strong>OpenHotel<\/strong>\u00a0f\u00fcr Pensionen und Gasth\u00e4user<\/span><\/li>\n<\/ul>\n[\/vc_column_text][\/vc_column][vc_column width=&#8220;1\/2&#8243;][vc_single_image image=&#8220;1743&#8243; css=&#8220;.vc_custom_1568993410563{margin-right: 0px !important;margin-bottom: 0px !important;border-right-width: 0px !important;border-bottom-width: 0px !important;padding-right: 0px !important;padding-bottom: 0px !important;}&#8220;][\/vc_column][\/vc_row][vc_row][vc_column][vc_column_text][vc_row column_spacing=&#8220;0px&#8220; no_margins=&#8220;true&#8220;][vc_column visibility=&#8220;hidden-phone&#8220; el_class=&#8220;isdn2voip2&#8243;][vc_single_image image=&#8220;1383&#8243; onclick=&#8220;custom_link&#8220; link=&#8220;\/?page_id=1777&#8243;][\/vc_column][\/vc_row]\n[\/vc_column_text][\/vc_column][\/vc_row][vc_row][vc_column width=&#8220;1\/3&#8243;]<div class=\"vcex-module vcex-heading vcex-heading-plain vc_custom_1569437367065\" style=\"color:#fc7216;font-weight:600;\"><span class=\"vcex-heading-inner clr\">Downloads<\/span><\/div>[\/vc_column][vc_column width=&#8220;1\/3&#8243;][\/vc_column][vc_column width=&#8220;1\/3&#8243;][\/vc_column][\/vc_row][vc_row][vc_column width=&#8220;1\/3&#8243;][vc_single_image image=&#8220;1789&#8243; img_size=&#8220;medium&#8220; alignment=&#8220;center&#8220; style=&#8220;vc_box_shadow_border&#8220; onclick=&#8220;custom_link&#8220; img_link_target=&#8220;_blank&#8220; link=&#8220;\/wp-content\/uploads\/2019\/09\/estos_flyer_ProCall_Enterprise_de.pdf&#8220; img_caption=&#8220;Estos ProCall Enterprise&#8220;][\/vc_column][vc_column width=&#8220;1\/3&#8243;][\/vc_column][vc_column width=&#8220;1\/3&#8243;][\/vc_column][\/vc_row][vc_empty_space height=&#8220;15px&#8220;][vc_row][vc_column][\/vc_column][\/vc_row]\n","protected":false},"excerpt":{"rendered":"<p>[vc_row full_width=&#8220;stretch_row_content_no_spaces&#8220; column_spacing=&#8220;0px&#8220; bg_style=&#8220;stretch&#8220; css=&#8220;.vc_custom_1568827877965{margin-top: 0px !important;border-top-width: 0px !important;padding-top: 0px !important;background-position: center !important;background-repeat: no-repeat !important;background-size: cover !important;}&#8220;][vc_column][rev_slider_vc alias=&#8220;oc100&#8243;][\/vc_column][\/vc_row][vc_row content_placement=&#8220;middle&#8220; gap=&#8220;20&#8243; equal_height=&#8220;yes&#8220; css=&#8220;.vc_custom_1568989242656{padding-top: 40px !important;}&#8220;][vc_column width=&#8220;1\/2&#8243; css=&#8220;.vc_custom_1568993221714{border-top-width: 20px !important;border-bottom-width: 40px !important;}&#8220;][vc_empty_space][vc_column_text css=&#8220;.vc_custom_1568993609721{border-left-width: 20px !important;padding-right: 20px !important;}&#8220;]Die Mitel 100 ist die Erg\u00e4nzung&hellip;<\/p>\n","protected":false},"author":1,"featured_media":0,"parent":1682,"menu_order":0,"comment_status":"open","ping_status":"open","template":"","meta":{"footnotes":""},"class_list":["post-1740","page","type-page","status-publish","hentry","entry","no-media"],"_links":{"self":[{"href":"https:\/\/telefonanlagenbau.net\/index.php?rest_route=\/wp\/v2\/pages\/1740","targetHints":{"allow":["GET"]}}],"collection":[{"href":"https:\/\/telefonanlagenbau.net\/index.php?rest_route=\/wp\/v2\/pages"}],"about":[{"href":"https:\/\/telefonanlagenbau.net\/index.php?rest_route=\/wp\/v2\/types\/page"}],"author":[{"embeddable":true,"href":"https:\/\/telefonanlagenbau.net\/index.php?rest_route=\/wp\/v2\/users\/1"}],"replies":[{"embeddable":true,"href":"https:\/\/telefonanlagenbau.net\/index.php?rest_route=%2Fwp%2Fv2%2Fcomments&post=1740"}],"version-history":[{"count":5,"href":"https:\/\/telefonanlagenbau.net\/index.php?rest_route=\/wp\/v2\/pages\/1740\/revisions"}],"predecessor-version":[{"id":1806,"href":"https:\/\/telefonanlagenbau.net\/index.php?rest_route=\/wp\/v2\/pages\/1740\/revisions\/1806"}],"up":[{"embeddable":true,"href":"https:\/\/telefonanlagenbau.net\/index.php?rest_route=\/wp\/v2\/pages\/1682"}],"wp:attachment":[{"href":"https:\/\/telefonanlagenbau.net\/index.php?rest_route=%2Fwp%2Fv2%2Fmedia&parent=1740"}],"curies":[{"name":"wp","href":"https:\/\/api.w.org\/{rel}","templated":true}]}}