{"id":1698,"date":"2019-09-20T16:06:01","date_gmt":"2019-09-20T14:06:01","guid":{"rendered":"http:\/\/telefonanlagenbau.kratochwil.de\/?page_id=1698"},"modified":"2019-09-25T21:07:05","modified_gmt":"2019-09-25T19:07:05","slug":"mivoice-office-400","status":"publish","type":"page","link":"https:\/\/telefonanlagenbau.net\/?page_id=1698","title":{"rendered":"MiVoice Office 400"},"content":{"rendered":"[vc_row full_width=&#8220;stretch_row_content_no_spaces&#8220; column_spacing=&#8220;0px&#8220; bg_style=&#8220;stretch&#8220; css=&#8220;.vc_custom_1568827877965{margin-top: 0px !important;border-top-width: 0px !important;padding-top: 0px !important;background-position: center !important;background-repeat: no-repeat !important;background-size: cover !important;}&#8220;][vc_column][rev_slider_vc alias=&#8220;mo400&#8243;][\/vc_column][\/vc_row][vc_row content_placement=&#8220;middle&#8220; gap=&#8220;20&#8243; equal_height=&#8220;yes&#8220; css=&#8220;.vc_custom_1568989242656{padding-top: 40px !important;}&#8220;][vc_column width=&#8220;1\/2&#8243; css=&#8220;.vc_custom_1568989258453{border-top-width: 20px !important;border-bottom-width: 40px !important;background-color: #f5f5f5 !important;}&#8220;]<div class=\"vcex-module vcex-heading vcex-heading-plain vc_custom_1568989233438\" style=\"color:#fc7216;font-weight:600;\"><span class=\"vcex-heading-inner clr\">MiVoice Office 400<\/span><\/div>[vc_empty_space][vc_column_text css=&#8220;.vc_custom_1568988933141{border-left-width: 20px !important;padding-right: 20px !important;}&#8220;]<span style=\"font-size: 16px;\">Die MiVoice Office 400 Familie ist sowohl f\u00fcr klassische Telefonie als auch f\u00fcr neue Kommunikationsformen ger\u00fcstet.<\/span><\/p>\n<p><span style=\"font-size: 16px;\">MiVoice Office 400 unterst\u00fctzt neben der klassischen Telefonie auch andere, innovative Kommunikationsformen. Das Ziel ist, die unterschiedlichen Dienste (Sprache, E-Mail, Video, Chat usw.) zu\u00adsammenzuf\u00fchren (Unified Communications) und auf einer einheitlichen Bedienoberfl\u00e4che anzubieten. Mitarbeitende an unterschiedlichen Standorten k\u00f6nnen von der Videotelefonie profitieren. Auch die M\u00f6glichkeit, gemeinsam mittels Desk\u00adtop-Sharing Dokumente bearbeiten zu k\u00f6nnen, bietet Mehr\u00adwert (Collaboration).<\/span>[\/vc_column_text][\/vc_column][vc_column width=&#8220;1\/2&#8243; css=&#8220;.vc_custom_1568890936666{margin-right: 0px !important;margin-bottom: 0px !important;margin-left: 0px !important;border-right-width: 0px !important;border-bottom-width: 0px !important;border-left-width: 0px !important;padding-right: 0px !important;padding-bottom: 0px !important;padding-left: 0px !important;}&#8220;][vc_single_image image=&#8220;1704&#8243; alignment=&#8220;center&#8220;][\/vc_column][\/vc_row][vc_row content_placement=&#8220;middle&#8220; gap=&#8220;20&#8243; equal_height=&#8220;yes&#8220; css=&#8220;.vc_custom_1568989375386{margin-bottom: 0px !important;border-bottom-width: 0px !important;padding-top: 0px !important;padding-bottom: 0px !important;}&#8220;][vc_column css=&#8220;.vc_custom_1568989394627{margin-bottom: 0px !important;border-top-width: 20px !important;border-bottom-width: 0px !important;padding-bottom: 0px !important;}&#8220;]<div class=\"vcex-module vcex-heading vcex-heading-plain vc_custom_1568989309984\" style=\"color:#fc7216;font-weight:600;\"><span class=\"vcex-heading-inner clr\">Produkthighlights<\/span><\/div>[vc_empty_space][\/vc_column][\/vc_row][vc_row content_placement=&#8220;top&#8220; gap=&#8220;20&#8243; equal_height=&#8220;yes&#8220; css=&#8220;.vc_custom_1568989650819{padding-top: 0px !important;}&#8220;][vc_column width=&#8220;1\/4&#8243;]<div class=\"vcex-module vcex-icon clr vcex-icon-large vcex-icon-float-center remove-dimensions\"><div class=\"vcex-icon-wrap\" style=\"color:#fc7216;\"><span class=\"ticon ticon-cogs\"><\/span><\/div><\/div>[vc_empty_space height=&#8220;20px&#8220;][vc_column_text]\n<p style=\"text-align: center;\"><span style=\"font-size: 14px;\">Integration und Zusammenf\u00fchrung s\u00e4mtlicher Kommunikationsdienste<\/span><\/p>\n[\/vc_column_text][\/vc_column][vc_column width=&#8220;1\/4&#8243;]<div class=\"vcex-module vcex-icon clr vcex-icon-large vcex-icon-float-center remove-dimensions\"><div class=\"vcex-icon-wrap\" style=\"color:#fc7216;\"><span class=\"ticon ticon-users\"><\/span><\/div><\/div>[vc_empty_space height=&#8220;20px&#8220;][vc_column_text]\n<p style=\"text-align: center;\"><span style=\"font-size: 14px;\">Bis zu 400 Benutzer<\/span><\/p>\n[\/vc_column_text][\/vc_column][vc_column width=&#8220;1\/4&#8243;]<div class=\"vcex-module vcex-icon clr vcex-icon-large vcex-icon-float-center remove-dimensions\"><div class=\"vcex-icon-wrap\" style=\"color:#fc7216;\"><span class=\"ticon ticon-signal\"><\/span><\/div><\/div>[vc_empty_space height=&#8220;20px&#8220;][vc_column_text]\n<p style=\"text-align: center;\"><span style=\"font-size: 14px;\">L\u00fcckenlose Erreichbarkeit auf dem Firmengel\u00e4nde durch DECT\/SIP-DECT und WLAN<\/span><\/p>\n[\/vc_column_text][\/vc_column][vc_column width=&#8220;1\/4&#8243;]<div class=\"vcex-module vcex-icon clr vcex-icon-large vcex-icon-float-center remove-dimensions\"><div class=\"vcex-icon-wrap\" style=\"color:#fc7216;\"><span class=\"ticon ticon-shield\"><\/span><\/div><\/div>[vc_empty_space height=&#8220;20px&#8220;][vc_column_text]\n<p style=\"text-align: center;\"><span style=\"font-size: 14px;\">Sicherheitsstandards auf h\u00f6chstem Niveau<\/span><\/p>\n[\/vc_column_text][\/vc_column][\/vc_row][vc_row content_placement=&#8220;middle&#8220; gap=&#8220;20&#8243; css=&#8220;.vc_custom_1568990644003{margin-bottom: 40px !important;padding-top: 20px !important;padding-bottom: 0px !important;background-color: #f5f5f5 !important;}&#8220;][vc_column width=&#8220;1\/2&#8243; css=&#8220;.vc_custom_1568989987641{border-top-width: 20px !important;border-bottom-width: 20px !important;}&#8220;]<div class=\"vcex-module vcex-heading vcex-heading-plain vc_custom_1568997577681\" style=\"color:#fc7216;font-weight:600;\"><span class=\"vcex-heading-inner clr\">Profitieren Sie von den vielf\u00e4ltigen Vorteilen<\/span><\/div>[vc_empty_space height=&#8220;20px&#8220;][vc_column_text]\n<ul>\n<li><span style=\"font-size: 16px;\">Geb\u00e4udemanagement<\/span><\/li>\n<li><span style=\"font-size: 16px;\">Branchenspezifische L\u00f6sungen f\u00fcr die Hotellerie, Krankenh\u00e4user und den Pflegebereich<\/span><\/li>\n<li><span style=\"font-size: 16px;\">Gro\u00dfe Auswahl an Endger\u00e4ten<\/span><\/li>\n<li><span style=\"font-size: 16px;\">Modernsten Technologien, wie VoIP, SIP, CAT-iq und XML<\/span><\/li>\n<li><span style=\"font-size: 16px;\">Einheitliche und intuitive Bedienung aller in das System integrierten Endger\u00e4te<\/span><\/li>\n<li><span style=\"font-size: 16px;\">Vielf\u00e4ltige Vernetzungsm\u00f6glichkeiten f\u00fcr Unternehmen mit unterschiedlichen Standorten<\/span><\/li>\n<\/ul>\n[\/vc_column_text][\/vc_column][vc_column width=&#8220;1\/2&#8243;][vc_single_image image=&#8220;1710&#8243;][\/vc_column][\/vc_row][vc_row][vc_column width=&#8220;1\/3&#8243;]<div class=\"vcex-module vcex-heading vcex-heading-plain vc_custom_1569437367065\" style=\"color:#fc7216;font-weight:600;\"><span class=\"vcex-heading-inner clr\">Downloads<\/span><\/div>[\/vc_column][vc_column width=&#8220;1\/3&#8243;][\/vc_column][vc_column width=&#8220;1\/3&#8243;][\/vc_column][\/vc_row][vc_row][vc_column width=&#8220;1\/3&#8243;][vc_single_image image=&#8220;1790&#8243; img_size=&#8220;medium&#8220; alignment=&#8220;center&#8220; style=&#8220;vc_box_shadow_border&#8220; onclick=&#8220;custom_link&#8220; img_link_target=&#8220;_blank&#8220; link=&#8220;\/wp-content\/uploads\/2019\/09\/Brochure-MiVoice-Office-400-989294-180913-DE.pdf&#8220; img_caption=&#8220;Produktbrosch\u00fcre MiVoice Office&#8220;][\/vc_column][vc_column width=&#8220;1\/3&#8243;][vc_single_image image=&#8220;1791&#8243; img_size=&#8220;medium&#8220; alignment=&#8220;center&#8220; style=&#8220;vc_box_shadow_border&#8220; onclick=&#8220;custom_link&#8220; img_link_target=&#8220;_blank&#8220; link=&#8220;\/wp-content\/uploads\/2019\/09\/Products-Catalogue-MiVO-400-6.0-11154-25579-899800-190617_DE.pdf&#8220; img_caption=&#8220;Produktkatalog MiVoice Office&#8220;][\/vc_column][vc_column width=&#8220;1\/3&#8243;][\/vc_column][\/vc_row][vc_empty_space height=&#8220;15px&#8220;][vc_row][vc_column][\/vc_column][\/vc_row]\n","protected":false},"excerpt":{"rendered":"<p>[vc_row full_width=&#8220;stretch_row_content_no_spaces&#8220; column_spacing=&#8220;0px&#8220; bg_style=&#8220;stretch&#8220; css=&#8220;.vc_custom_1568827877965{margin-top: 0px !important;border-top-width: 0px !important;padding-top: 0px !important;background-position: center !important;background-repeat: no-repeat !important;background-size: cover !important;}&#8220;][vc_column][rev_slider_vc alias=&#8220;mo400&#8243;][\/vc_column][\/vc_row][vc_row content_placement=&#8220;middle&#8220; gap=&#8220;20&#8243; equal_height=&#8220;yes&#8220; css=&#8220;.vc_custom_1568989242656{padding-top: 40px !important;}&#8220;][vc_column width=&#8220;1\/2&#8243; css=&#8220;.vc_custom_1568989258453{border-top-width: 20px !important;border-bottom-width: 40px !important;background-color: #f5f5f5 !important;}&#8220;][vc_empty_space][vc_column_text css=&#8220;.vc_custom_1568988933141{border-left-width: 20px !important;padding-right: 20px !important;}&#8220;]Die MiVoice Office 400&hellip;<\/p>\n","protected":false},"author":1,"featured_media":0,"parent":1682,"menu_order":0,"comment_status":"open","ping_status":"open","template":"","meta":{"footnotes":""},"class_list":["post-1698","page","type-page","status-publish","hentry","entry","no-media"],"_links":{"self":[{"href":"https:\/\/telefonanlagenbau.net\/index.php?rest_route=\/wp\/v2\/pages\/1698","targetHints":{"allow":["GET"]}}],"collection":[{"href":"https:\/\/telefonanlagenbau.net\/index.php?rest_route=\/wp\/v2\/pages"}],"about":[{"href":"https:\/\/telefonanlagenbau.net\/index.php?rest_route=\/wp\/v2\/types\/page"}],"author":[{"embeddable":true,"href":"https:\/\/telefonanlagenbau.net\/index.php?rest_route=\/wp\/v2\/users\/1"}],"replies":[{"embeddable":true,"href":"https:\/\/telefonanlagenbau.net\/index.php?rest_route=%2Fwp%2Fv2%2Fcomments&post=1698"}],"version-history":[{"count":15,"href":"https:\/\/telefonanlagenbau.net\/index.php?rest_route=\/wp\/v2\/pages\/1698\/revisions"}],"predecessor-version":[{"id":1804,"href":"https:\/\/telefonanlagenbau.net\/index.php?rest_route=\/wp\/v2\/pages\/1698\/revisions\/1804"}],"up":[{"embeddable":true,"href":"https:\/\/telefonanlagenbau.net\/index.php?rest_route=\/wp\/v2\/pages\/1682"}],"wp:attachment":[{"href":"https:\/\/telefonanlagenbau.net\/index.php?rest_route=%2Fwp%2Fv2%2Fmedia&parent=1698"}],"curies":[{"name":"wp","href":"https:\/\/api.w.org\/{rel}","templated":true}]}}