{"id":1682,"date":"2019-09-20T15:26:15","date_gmt":"2019-09-20T13:26:15","guid":{"rendered":"http:\/\/telefonanlagenbau.kratochwil.de\/?page_id=1682"},"modified":"2019-09-20T17:49:51","modified_gmt":"2019-09-20T15:49:51","slug":"produkte","status":"publish","type":"page","link":"https:\/\/telefonanlagenbau.net\/?page_id=1682","title":{"rendered":"Produkte"},"content":{"rendered":"[vc_row gap=&#8220;20&#8243; equal_height=&#8220;yes&#8220; css=&#8220;.vc_custom_1568895508093{padding-top: 40px !important;}&#8220;][vc_column css=&#8220;.vc_custom_1568986364459{border-top-width: 20px !important;border-bottom-width: 0px !important;}&#8220;]<div class=\"vcex-module vcex-heading vcex-heading-plain vc_custom_1568986856406\" style=\"color:#fc7216;font-weight:600;\"><span class=\"vcex-heading-inner clr\">PRODUKTE<\/span><\/div>[vc_empty_space][vc_column_text css=&#8220;.vc_custom_1568986292512{border-left-width: 20px !important;padding-right: 20px !important;}&#8220;]<span style=\"font-size: 16px;\">Telefonanlagenbau P\u00f6tzsch versteht sich als produktunabh\u00e4ngiger Service-Dienstleister.<\/span><\/p>\n<p><span style=\"font-size: 16px;\">Wir sind Partner verschiedener gro\u00dfen Anlagenhersteller. Somit erhalten wir uns die M\u00f6glichkeit, die wirklich passende Anlage f\u00fcr Sie auszuw\u00e4hlen.<\/span><\/p>\n<p><span style=\"font-size: 16px;\">Unser Angebot reicht von Anlagen f\u00fcr kleine Unternehmen hin zu komplexen L\u00f6sungen f\u00fcr mittelst\u00e4ndige Unternehmen, sowohl f\u00fcr Telefonie als auch PC-Netzwerke. Einen besonderen Schwerpunkt sehen wir in ITK-Systemen, ein erfolgversprechendes, zukunftsorientiertes System das Sprach- und Datenwelt perfekt verbindet.<\/span>[\/vc_column_text][vc_single_image image=&#8220;1607&#8243; img_size=&#8220;large&#8220;][vc_empty_space][\/vc_column][\/vc_row][vc_row full_width=&#8220;stretch_row&#8220; gap=&#8220;20&#8243; equal_height=&#8220;yes&#8220; css=&#8220;.vc_custom_1568994588051{padding-top: 20px !important;background-color: #f5f5f5 !important;}&#8220;][vc_column css=&#8220;.vc_custom_1568986364459{border-top-width: 20px !important;border-bottom-width: 0px !important;}&#8220;]<div class=\"vcex-module vcex-heading vcex-heading-plain vc_custom_1568988291939\" style=\"color:#fc7216;font-weight:600;\"><span class=\"vcex-heading-inner clr\">PRODUKTAUSWAHL<\/span><\/div>[vc_empty_space height=&#8220;20&#8243;][vc_column_text css=&#8220;.vc_custom_1568986324136{border-left-width: 20px !important;padding-right: 20px !important;}&#8220;]<span style=\"font-size: 16px;\">Eine Auswahl unserer Top-Produkte haben wir hier f\u00fcr Sie zusammengestellt. Infomieren Sie sich unverbindlich. Bei Fragen stehen wir Ihnen jederzeit gerne zur Verf\u00fcgung.<\/span>[\/vc_column_text][\/vc_column][\/vc_row][vc_row full_width=&#8220;stretch_row&#8220; gap=&#8220;5&#8243; equal_height=&#8220;yes&#8220; css=&#8220;.vc_custom_1568987814035{padding-top: 0px !important;background-color: #f5f5f5 !important;}&#8220;][vc_column width=&#8220;1\/4&#8243; css=&#8220;.vc_custom_1568987767663{border-top-width: 0px !important;border-bottom-width: 0px !important;}&#8220;][vc_single_image image=&#8220;1684&#8243; style=&#8220;vc_box_shadow&#8220; onclick=&#8220;custom_link&#8220; img_caption=&#8220;MiVoice Office 400&#8243; link=&#8220;\/?page_id=1698&#8243;][\/vc_column][vc_column width=&#8220;1\/4&#8243;][vc_single_image image=&#8220;1694&#8243; style=&#8220;vc_box_shadow&#8220; onclick=&#8220;custom_link&#8220; img_caption=&#8220;Alarmserver&#8220; link=&#8220;\/?page_id=1713&#8243;][\/vc_column][vc_column width=&#8220;1\/4&#8243;][vc_single_image image=&#8220;1745&#8243; style=&#8220;vc_box_shadow&#8220; onclick=&#8220;custom_link&#8220; img_caption=&#8220;Mitel 100 \/ OpenCom 100&#8243; link=&#8220;\/?page_id=1740&#8243;][\/vc_column][vc_column width=&#8220;1\/4&#8243;][vc_single_image image=&#8220;1753&#8243; style=&#8220;vc_box_shadow&#8220; onclick=&#8220;custom_link&#8220; img_caption=&#8220;OpenCom 1000&#8243; link=&#8220;\/?page_id=1748&#8243;][\/vc_column][\/vc_row][vc_row gap=&#8220;20&#8243; css=&#8220;.vc_custom_1568895065964{padding-top: 40px !important;}&#8220;][vc_column width=&#8220;1\/2&#8243; css=&#8220;.vc_custom_1568894672783{border-top-width: 20px !important;border-bottom-width: 20px !important;background-color: #f5f5f5 !important;}&#8220;]<div class=\"vcex-module vcex-heading vcex-heading-plain vc_custom_1568898278500\" style=\"color:#1e2e38;font-weight:600;\"><span class=\"vcex-heading-inner clr\"><span class=\"vcex-icon-wrap vcex-icon-position-left\" style=\"color:#ffffff;\"><span class=\"ticon ticon-comments\"><\/span><\/span>REFERENZEN<\/span><\/div>[vc_empty_space height=&#8220;15px&#8220;][vc_column_text css=&#8220;.vc_custom_1568898254613{border-left-width: 10px !important;}&#8220;]<span style=\"font-size: 16px;\">Taten sagen mehr als Worte \u2013 Werfen Sie einen kurzen Blick auf unsere Referenzen.<\/span>[\/vc_column_text][vc_empty_space height=&#8220;20px&#8220;]<a href=\"\/?page_id=1506\" class=\"vcex-button theme-button medium align-right inline animate-on-hover\"><span class=\"theme-button-inner\">Weiter<span class=\"vcex-icon-wrap theme-button-icon-right\"><span class=\"ticon ticon-arrow-right\"><\/span><\/span><\/span><\/a> [\/vc_column][vc_column width=&#8220;1\/2&#8243; css=&#8220;.vc_custom_1568895023255{border-top-width: 20px !important;border-bottom-width: 20px !important;background-color: #f5f5f5 !important;}&#8220;]<div class=\"vcex-module vcex-heading vcex-heading-plain vc_custom_1568898299381\" style=\"color:#1e2e38;font-weight:600;\"><span class=\"vcex-heading-inner clr\"><span class=\"vcex-icon-wrap vcex-icon-position-left\" style=\"color:#ffffff;\"><span class=\"ticon ticon-cogs\"><\/span><\/span>PARTNER<\/span><\/div>[vc_empty_space height=&#8220;15px&#8220;][vc_column_text css=&#8220;.vc_custom_1568898305868{border-left-width: 10px !important;}&#8220;]<span style=\"font-size: 16px;\">Wir arbeiten mit mehreren Partnerfirmen zusammen, um Ihnen stets die bestm\u00f6gliche L\u00f6sung bieten zu k\u00f6nnen.<\/span>[\/vc_column_text][vc_empty_space height=&#8220;20px&#8220;]<a href=\"\/?page_id=1593\" class=\"vcex-button theme-button medium align-right inline animate-on-hover\"><span class=\"theme-button-inner\">Weiter<span class=\"vcex-icon-wrap theme-button-icon-right\"><span class=\"ticon ticon-arrow-right\"><\/span><\/span><\/span><\/a> [\/vc_column][\/vc_row][vc_row][vc_column][vc_column_text][vc_row column_spacing=&#8220;0px&#8220; no_margins=&#8220;true&#8220;][vc_column visibility=&#8220;hidden-phone&#8220; el_class=&#8220;isdn2voip2&#8243;][vc_single_image image=&#8220;1383&#8243; onclick=&#8220;custom_link&#8220; link=&#8220;\/?page_id=1777&#8243;][\/vc_column][\/vc_row]\n[\/vc_column_text][\/vc_column][\/vc_row]\n","protected":false},"excerpt":{"rendered":"<p>[vc_row gap=&#8220;20&#8243; equal_height=&#8220;yes&#8220; css=&#8220;.vc_custom_1568895508093{padding-top: 40px !important;}&#8220;][vc_column css=&#8220;.vc_custom_1568986364459{border-top-width: 20px !important;border-bottom-width: 0px !important;}&#8220;][vc_empty_space][vc_column_text css=&#8220;.vc_custom_1568986292512{border-left-width: 20px !important;padding-right: 20px !important;}&#8220;]Telefonanlagenbau P\u00f6tzsch versteht sich als produktunabh\u00e4ngiger Service-Dienstleister. Wir sind Partner verschiedener gro\u00dfen Anlagenhersteller. Somit erhalten wir uns die M\u00f6glichkeit, die wirklich passende Anlage f\u00fcr Sie&hellip;<\/p>\n","protected":false},"author":1,"featured_media":0,"parent":0,"menu_order":0,"comment_status":"open","ping_status":"open","template":"","meta":{"footnotes":""},"class_list":["post-1682","page","type-page","status-publish","hentry","entry","no-media"],"_links":{"self":[{"href":"https:\/\/telefonanlagenbau.net\/index.php?rest_route=\/wp\/v2\/pages\/1682","targetHints":{"allow":["GET"]}}],"collection":[{"href":"https:\/\/telefonanlagenbau.net\/index.php?rest_route=\/wp\/v2\/pages"}],"about":[{"href":"https:\/\/telefonanlagenbau.net\/index.php?rest_route=\/wp\/v2\/types\/page"}],"author":[{"embeddable":true,"href":"https:\/\/telefonanlagenbau.net\/index.php?rest_route=\/wp\/v2\/users\/1"}],"replies":[{"embeddable":true,"href":"https:\/\/telefonanlagenbau.net\/index.php?rest_route=%2Fwp%2Fv2%2Fcomments&post=1682"}],"version-history":[{"count":14,"href":"https:\/\/telefonanlagenbau.net\/index.php?rest_route=\/wp\/v2\/pages\/1682\/revisions"}],"predecessor-version":[{"id":1755,"href":"https:\/\/telefonanlagenbau.net\/index.php?rest_route=\/wp\/v2\/pages\/1682\/revisions\/1755"}],"wp:attachment":[{"href":"https:\/\/telefonanlagenbau.net\/index.php?rest_route=%2Fwp%2Fv2%2Fmedia&parent=1682"}],"curies":[{"name":"wp","href":"https:\/\/api.w.org\/{rel}","templated":true}]}}