{"id":1620,"date":"2019-09-19T17:54:04","date_gmt":"2019-09-19T15:54:04","guid":{"rendered":"http:\/\/telefonanlagenbau.kratochwil.de\/?page_id=1620"},"modified":"2019-09-20T17:19:35","modified_gmt":"2019-09-20T15:19:35","slug":"datenschutz","status":"publish","type":"page","link":"https:\/\/telefonanlagenbau.net\/?page_id=1620","title":{"rendered":"Datenschutz"},"content":{"rendered":"[vc_row css=&#8220;.vc_custom_1568908381731{margin-top: 80px !important;}&#8220;][vc_column]<div class=\"vcex-module vcex-heading vcex-heading-plain vc_custom_1568908633316\" style=\"color:#fc7216;font-weight:600;\"><span class=\"vcex-heading-inner clr\">DATENSCHUTZ<\/span><\/div>[vc_empty_space height=&#8220;15px&#8220;][vc_column_text]\n<h2><span style=\"font-size: 16px; color: #ff6600;\">Die Kontaktdaten des Unternehmens:<\/span><\/h2>\n<p><span style=\"font-size: 16px;\">Telefonanlagenbau P\u00f6tzsch<\/span><br \/>\n<span style=\"font-size: 16px;\">Karlstadter Pfad 11<\/span><br \/>\n<span style=\"font-size: 16px;\">97753 Karlstadt-He\u00dflar<\/span><\/p>\n<p><span style=\"font-size: 16px;\">Inhaber: Heiko P\u00f6tzsch<\/span><br \/>\n<span style=\"font-size: 16px;\">Amtsgericht Gem\u00fcnden<\/span><br \/>\n<span style=\"font-size: 16px;\">USt-IdNr.:DE182369709<\/span><\/p>\n<h2><span style=\"font-size: 16px; color: #ff6600;\">Die Kontaktdaten des Datenschutzbeauftragten:<\/span><\/h2>\n<p><span style=\"font-size: 16px;\">Telefonanlagenbau P\u00f6tzsch<\/span><br \/>\n<span style=\"font-size: 16px;\">Name: Heiko P\u00f6tzsch<\/span><br \/>\n<span style=\"font-size: 16px;\">Telefonnummer: 0 93 60 &#8211; 88 7 99 &#8211; 0<\/span><br \/>\n<span style=\"font-size: 16px;\">E-Mail Adresse: info@telefonanlagenbau.net<\/span><\/p>\n<h2><span style=\"font-size: 16px; color: #ff6600;\">Datenschutzerkl\u00e4rung<\/span><\/h2>\n<p><span style=\"font-size: 16px;\">Sie erhalten als Nutzer unserer Internetseite in dieser Datenschutzerkl\u00e4rung alle notwendigen Informationen dar\u00fcber, wie, in welchem Umfang sowie zu welchem Zweck wir oder Drittanbieter Daten von Ihnen erheben und diese verwenden. Die Erhebung und Nutzung Ihrer Daten erfolgt streng nach den Vorgaben des Bundesdatenschutzgesetzes (BDSG) und des Telemediengesetzes (TMG). Wir f\u00fchlen uns der Vertraulichkeit Ihrer personenbezogenen Daten besonders verpflichtet und arbeiten deshalb streng innerhalb der Grenzen, die die gesetzlichen Vorgaben uns setzen. Die Erhebung dieser personenbezogenen Daten erfolgt auf freiwilliger Basis, wenn uns das m\u00f6glich ist. Auch geben wir diese Daten nur mit Ihrer ausdr\u00fccklichen Zustimmung an Dritte weiter. Wir sorgen bei besonders vertraulichen Daten wie im Zahlungsverkehr oder im Hinblick auf Ihre Anfragen an uns durch Einsatz einer SSL-Verschl\u00fcsselung f\u00fcr hohe Sicherheit. Wir m\u00f6chten es aber an dieser Stelle nicht vers\u00e4umen, auf die allgemeinen Gefahren der Internetnutzung hinzuweisen, auf die wir keinen Einfluss haben. Besonders im E-Mail-Verkehr sind Ihre Daten ohne weitere Vorkehrungen nicht sicher und k\u00f6nnen unter Umst\u00e4nden von Dritten erfasst werden.<\/span><\/p>\n<h2><span style=\"font-size: 16px; color: #ff6600;\">Auskunft, L\u00f6schung, Sperrung<\/span><\/h2>\n<p><span style=\"font-size: 16px;\">Sie erhalten jederzeit unentgeltlich Auskunft \u00fcber die von uns gespeicherten personenbezogenen Daten zu Ihrer Person sowie zur Herkunft, dem Empf\u00e4nger und dem Zweck von Datenerhebung sowie Datenverarbeitung. Au\u00dferdem haben Sie das Recht, die Berichtigung, die Sperrung oder L\u00f6schung Ihrer Daten zu verlangen. Ausgenommen davon sind Daten, die aufgrund gesetzlicher Vorschriften aufbewahrt oder zur ordnungsgem\u00e4\u00dfen Gesch\u00e4ftsabwicklung ben\u00f6tigt werden. Damit eine Datensperre jederzeit realisiert werden kann, werden Daten zu Kontrollzwecken in einer Sperrdatei vorgehalten. Werden Daten nicht von einer gesetzlichen Archivierungspflicht erfasst, l\u00f6schen wir Ihre Daten auf Ihren Wunsch. Greift die Archivierungspflicht, sperren wir Ihre Daten. F\u00fcr alle Fragen und Anliegen zur Berichtigung, Sperrung oder L\u00f6schung von personenbezogenen Daten wenden Sie sich bitte an unseren Datenschutzbeauftragten unter den Kontaktdaten in dieser Datenschutzerkl\u00e4rung bzw. an die im Impressum genannte Adresse.<\/span><\/p>\n<h2><span style=\"font-size: 16px; color: #ff6600;\">Cookies<\/span><\/h2>\n<p><span style=\"font-size: 16px;\">Wir verwenden auf unserer Webseite Cookies. Diese kleinen Textdateien werden von unserem Server aus auf Ihrem PC gespeichert. Sie unterst\u00fctzen die Darstellung unserer Webseite und helfen Ihnen, sich auf unserer Webseite zu bewegen. Cookies erfassen Daten zu Ihrer IP-Adresse, zu Ihrem Browser, Ihrem Betriebssystem und Ihrer Internetverbindung. Diese Informationen verbinden wir nicht mit personenbezogenen Daten und geben sie nicht an Dritte weiter. Keinesfalls werden Cookies von uns dazu benutzt, Schad- oder Spionageprogramme auf Ihren Rechner zu bringen. Sie k\u00f6nnen unsere Webseite auch ohne den Einsatz von Cookies nutzen, wodurch m\u00f6glicherweise einige Darstellungen und Funktionen unseres Angebots nur eingeschr\u00e4nkt arbeiten. Wenn Sie die Cookies deaktivieren m\u00f6chten, k\u00f6nnen Sie das \u00fcber spezielle Einstellungen Ihres Browsers erreichen. Nutzen Sie bitte dessen Hilfsfunktion, um die entsprechenden \u00c4nderungen vornehmen zu k\u00f6nnen. Online-Anzeigen-Cookies k\u00f6nnen Sie \u00fcber folgende Links verwalten: http:\/\/www.aboutads.info\/choices f\u00fcr die USA http:\/\/www.youronlinechoices.com\/uk\/your-ad-choices f\u00fcr Europa<\/span><\/p>\n<h2><span style=\"font-size: 16px; color: #ff6600;\">Erhebung von Zugriffsdaten<\/span><\/h2>\n<p><span style=\"font-size: 16px;\">Die Auslieferung und Darstellung der Inhalte \u00fcber unsere Webseite erfordert technisch die Erfassung bestimmter Daten. Mit Ihrem Zugriff auf unsere Webseite werden diese sogenannten Server-Logfiles durch uns oder den Provider des Webspace erfasst. Diese Logfiles erlauben keinen R\u00fcckschluss auf Sie und Ihre Person. Die entsprechenden Informationen bestehen aus dem Namen der Webseite, der Datei, dem aktuellen Datum, der Datenmenge, dem Webrowser und seiner Version, dem eingesetzten Betriebssystem, dem Domain-Namen Ihres Internet-Providers, der Referrer-URL als jene Seite, von der Sie auf unsere Seite gewechselt sind, sowie der entsprechenden IP-Adresse. Wir nutzen diese Daten zur Darstellung und Auslieferung unserer Inhalte sowie zu statistischen Zwecken. Die Informationen unterst\u00fctzen die Bereitstellung und st\u00e4ndige Verbesserung unseres Angebots. Auch behalten wir uns vor, die erw\u00e4hnten Daten nachtr\u00e4glich zu pr\u00fcfen, sollte der Verdacht auf eine rechtswidrige Nutzung unseres Angebotes bestehen.<\/span><\/p>\n<h2><span style=\"font-size: 16px; color: #ff6600;\">Inhalte und Dienste von Drittanbietern<\/span><\/h2>\n<p><span style=\"font-size: 16px;\">Das Angebot auf unserer Webseite erfasst unter Umst\u00e4nden auch Inhalte, Dienste und Leistungen von anderen Anbietern, die unser Angebot erg\u00e4nzen. Beispiele f\u00fcr solche Angebote sind Karten von Google-Maps, YouTube-Videos oder Grafikdarstellungen Dritter. Der Aufruf dieser Leistungen von dritter Seite erfordert regelm\u00e4\u00dfig die \u00dcbermittlung Ihrer IP-Adresse. Damit ist es diesen Anbietern m\u00f6glich, Ihre Nutzer-IP-Adresse wahrzunehmen und diese auch zu speichern. Wir bem\u00fchen uns sehr, nur solche Drittanbieter einzubeziehen, die IP-Adressen allein zur Auslieferung der Inhalte nutzen. Wir haben dabei jedoch keinen Einfluss darauf, welcher Drittanbieter gegebenenfalls die IP-Adresse speichert. Diese Speicherung kann zum Beispiel statistischen Zwecken dienen. Sollten wir von Speicherungsvorg\u00e4ngen durch Drittanbieter Kenntnis erlangen, weisen wir unsere Nutzer unverz\u00fcglich auf diese Tatsache hin. Beachten Sie bitte in diesem Zusammenhang auch die speziellen Datenschutzerkl\u00e4rungen zu einzelnen Drittanbietern und Dienstleistern, deren Service wir auf unserer Webseite nutzen. Sie finden Sie ebenfalls in dieser Datenschutzerkl\u00e4rung.<\/span><\/p>\n<h2><span style=\"font-size: 16px; color: #ff6600;\">Personenbezogene Daten<\/span><\/h2>\n<p><span style=\"font-size: 16px;\">Personenbezogene Daten erheben wir im Rahmen von Datenvermeidung und Datensparsamkeit nur in dem Ausma\u00df und so lange, wie es zur Nutzung unserer Webseite notwendig ist, beziehungsweise vom Gesetzgeber vorgeschrieben wird. Wir nehmen den Schutz Ihrer pers\u00f6nlichen Daten ernst und halten uns bei Erhebung und Verarbeitung personenbezogener Daten streng an die entsprechenden gesetzlichen Vorschriften und an diese Datenschutzerkl\u00e4rung. F\u00e4llt der Zweck der Datenerhebung weg oder ist das Ende der gesetzlichen Speicherfrist erreicht, werden die erhobenen Daten gesperrt oder gel\u00f6scht. Regelm\u00e4\u00dfig kann unsere Webseite ohne die Weitergabe pers\u00f6nlicher Daten genutzt werden. Wenn wir personenbezogene Daten erheben \u2013 etwa Ihren Namen, Ihre Anschrift oder Ihre E-Mail-Adresse \u2013 erfolgt diese Datenerhebung freiwillig. Ohne eine ausdr\u00fccklich erteilte Zustimmung von Ihrer Seite werden diese Daten Dritten nicht zur Kenntnis gebracht. Beachten Sie bitte, dass Daten im Internet allgemein nicht immer sicher \u00fcbertragen werden. Besonders im E-Mail-Verkehr kann der Schutz beim Datenaustausch nicht garantiert werden.<\/span><\/p>\n<h2><span style=\"font-size: 16px; color: #ff6600;\">Server Logfiles<\/span><\/h2>\n<p><span style=\"font-size: 16px;\">Bei den Server Logfiles handelt es sich um anonymisierte Daten, die bei Ihrem Zugriff auf unsere Webseite erfasst werden. Diese Informationen erm\u00f6glichen keine R\u00fcckschl\u00fcsse auf Sie pers\u00f6nlich, sind aber aus technischen Gr\u00fcnden f\u00fcr die Auslieferung und Darstellung unserer Inhalte unverzichtbar. Weiterhin dienen Sie unserer Statistik und der st\u00e4ndigen Optimierung unserer Inhalte. Typische Logfiles sind das Datum und die Zeit des Zugriffs, die Datenmenge, der f\u00fcr den Zugriff benutzte Browser und seine Version, das eingesetzte Betriebssystem, der Domainname des von Ihnen beauftragten Providers, die Seite, von der Sie zu unserem Angebot gekommen sind (Referrer-URL) und Ihre IP-Adresse. Logfiles erm\u00f6glichen au\u00dferdem eine genaue Pr\u00fcfung bei Verdacht auf eine rechtswidrige Nutzung unserer Webseite.<\/span><\/p>\n<h2><span style=\"font-size: 16px; color: #ff6600;\">SSL-Verschl\u00fcsselung<\/span><\/h2>\n<p><span style=\"font-size: 16px;\">Unsere Webseite bedient sich einer SSL-Verschl\u00fcsselung, wenn es um die \u00dcbermittlung vertraulicher oder pers\u00f6nlicher Inhalte unserer Nutzer geht. Diese Verschl\u00fcsslung wird zum Beispiel bei der Abwicklung des Zahlungsverkehrs sowie bei Anfragen aktiviert, die Sie an uns \u00fcber unsere Webseite stellen. Achten Sie bitte darauf, dass die SSL-Verschl\u00fcsselung bei entsprechenden Aktivit\u00e4ten von Ihrer Seite her aktiviert ist. Der Einsatz der Verschl\u00fcsselung ist leicht zu erkennen: Die Anzeige in Ihrer Browserzeile wechselt von \u201ehttp:\/\/\u201c zu \u201ehttps:\/\/\u201c. \u00dcber SSL verschl\u00fcsselte Daten sind nicht von Dritten lesbar. \u00dcbermitteln Sie Ihre vertraulichen Informationen nur bei aktivierter SSL-Verschl\u00fcsselung und wenden Sie sich im Zweifel an uns.<\/span><\/p>\n<h2><span style=\"font-size: 16px; color: #ff6600;\">Google AdWords<\/span><\/h2>\n<p><span style=\"font-size: 16px;\">Wir nutzen auf unserer Webseite mit Google AdWords ein Online-Werbeprogramm der Google Inc. Dabei wird auch das Conversion-Tracking eingesetzt. Mit diesem Tool setzt Google AdWords ein Cookie auf Ihrem PC, wenn Sie \u00fcber eine Google-Werbeanzeige auf unsere Webseite kommen. Das Cookie hat nach 30 Tagen keine G\u00fcltigkeit mehr. Es dient keiner pers\u00f6nlichen R\u00fcckverfolgbarkeit. Besuchen Sie als Nutzer unsere Webseite und das Cookie arbeitet noch, wird f\u00fcr uns gemeinsam mit Google erkennbar, dass Sie auf die entsprechende Anzeige geklickt haben und zu unserer Seite weitergeleitet wurden. Dabei wird jedem Google AdWords-Kunden ein anderes Cookie zugewiesen. Cookies sind so nicht \u00fcber die Webseiten der AdWords-Kunden nachverfolgbar. Mit den durch Conversion-Cookies eingeholten Daten werden Conversion-Statistiken f\u00fcr AdWords-Kunden erstellt. Wir als Kunden erfahren so die Gesamtanzahl der Nutzer, die auf unsere Anzeige reagiert haben und dann zu einer Webseite durchgeleitet wurden, die mit einem Conversion-Tracking-Tag versehen wurde. Wir erhalten bei diesem Vorgang keine Informationen, mit denen wir Sie als Nutzer pers\u00f6nlich identifizieren k\u00f6nnten. Sollten Sie das Tracking-Verfahren ablehnen, l\u00e4sst sich das Cookie des Google-Conversion-Trackings \u00fcber Ihren Internet-Browser deaktivieren. Nutzen Sie gegebenenfalls die Hilfe-Funktion des Browsers f\u00fcr weitere Informationen. N\u00e4heres zu den Datenschutzbestimmungen von Google erfahren Sie unter http:\/\/www.google.de\/policies\/privacy\/.<\/span><\/p>\n<h2><span style=\"font-size: 16px; color: #ff6600;\">Verwendung von Google Analytics<\/span><\/h2>\n<p><span style=\"font-size: 16px;\">Diese Website benutzt Google Analytics, einen Webanalysedienst der Google Inc. (\u201eGoogle\u201c). Die Benutzung erfolgt auf der Grundlage des Art. 6 Abs. 1 S. 1 lit. f. DSGVO. Google Analytics verwendet sog. \u201eCookies\u201c, Textdateien, die auf Ihrem Computer gespeichert werden und die eine Analyse der Benutzung der Webseite durch Sie erm\u00f6glichen. Die durch den Cookie erzeugten Informationen \u00fcber Ihre Benutzung der Webseite wie<\/span><\/p>\n<ul>\n<li><span style=\"font-size: 16px;\">Browser-Typ\/-Version,<\/span><\/li>\n<li><span style=\"font-size: 16px;\">verwendetes Betriebssystem,<\/span><\/li>\n<li><span style=\"font-size: 16px;\">Referrer-URL (die zuvor besuchte Seite),<\/span><\/li>\n<li><span style=\"font-size: 16px;\">Hostname des zugreifenden Rechners (IP-Adresse),<\/span><\/li>\n<li><span style=\"font-size: 16px;\">Uhrzeit der Serveranfrage<\/span><\/li>\n<\/ul>\n<p><span style=\"font-size: 16px;\">werden in der Regel an einen Server von Google in den USA \u00fcbertragen und dort gespeichert. Die im Rahmen von Google Analytics von Ihrem Browser \u00fcbermittelte IP-Adresse wird nicht mit anderen Daten von Google zusammengef\u00fchrt. Wir haben zudem auf dieser Webseite Google Analytics um den Code \u201eanonymizeIP\u201c erweitert. Dies garantiert die Maskierung Ihrer IP-Adresse, sodass alle Daten anonym erhoben werden. Nur in Ausnahmef\u00e4llen wird die volle IP-Adresse an einen Server von Google in den USA \u00fcbertragen und dort gek\u00fcrzt.<\/span><\/p>\n<p><span style=\"font-size: 16px;\">Im Auftrag des Betreibers dieser Website wird Google diese Information benutzen, um Ihre Nutzung der Webseite auszuwerten, um Reports \u00fcber die Webseiten-Aktivit\u00e4ten zusammenzustellen und um weitere mit der Webseiten-Nutzung und der Internetnutzung verbundene Dienstleistungen gegen\u00fcber dem Webseitenbetreiber zu erbringen. Sie k\u00f6nnen die Speicherung der Cookies durch eine entsprechende Einstellung Ihrer Browser-Software verhindern; wir weisen Sie jedoch darauf hin, dass Sie in diesem Fall m\u00f6glicherweise nicht s\u00e4mtliche Funktionen dieser Webseite vollumf\u00e4nglich werden nutzen k\u00f6nnen.<\/span><\/p>\n<p><span style=\"font-size: 16px;\">Sie k\u00f6nnen dar\u00fcber hinaus die Erfassung der durch das Cookie erzeugten und auf Ihre Nutzung der Webseite bezogenen Daten (inkl. Ihrer IP-Adresse) an Google sowie die Verarbeitung dieser Daten durch Google verhindern, indem sie das unter dem folgenden Link verf\u00fcgbare Browser-Plugin herunterladen und installieren:\u00a0<a href=\"http:\/\/tools.google.com\/dlpage\/gaoptout?hl=de\">http:\/\/tools.google.com\/dlpage\/gaoptout?hl=de<\/a>. Alternativ zum Browser-Add-On, insbesondere bei Browsern auf mobilen Endger\u00e4ten, k\u00f6nnen Sie die Erfassung durch Google Analytics zudem verhindern, indem Sie\u00a0auf diesen Link klicken. Es wird ein Opt-Out-Cookie gesetzt, das die zuk\u00fcnftige Erfassung Ihrer Daten beim Besuch dieser Website verhindert. Der Opt-Out-Cookie gilt nur in diesem Browser und nur f\u00fcr unsere Website und wird auf Ihrem Ger\u00e4t abgelegt. L\u00f6schen Sie die Cookies in diesem Browser, m\u00fcssen Sie das Opt-Out-Cookie erneut setzen. [Anm. Hinweise zur Einbindung des Opt-Out-Cookie finden Sie unter: https:\/\/developers.google.com\/analytics\/devguides\/collection\/gajs\/?hl=de#disable].<\/span><\/p>\n<p><span style=\"font-size: 16px;\">Wir nutzen Google Analytics weiterhin dazu, Daten aus Double-Click-Cookies und auch AdWords zu statistischen Zwecken auszuwerten. Sollten Sie dies nicht w\u00fcnschen, k\u00f6nnen Sie dies \u00fcber den Anzeigenvorgaben-Manager (<a href=\"http:\/\/www.google.com\/settings\/ads\/onweb\/?hl=de\">http:\/\/www.google.com\/settings\/ads\/onweb\/?hl=de<\/a>) deaktivieren.<\/span><\/p>\n<p><span style=\"font-size: 16px;\">Weitere Informationen zum Datenschutz im Zusammenhang mit Google Analytics finden Sie etwa in der Google Analytics-Hilfe (<a href=\"https:\/\/support.google.com\/analytics\/answer\/6004245?hl=de\">https:\/\/support.google.com\/analytics\/answer\/6004245?hl=de<\/a>).<\/span><\/p>\n<h2><span style=\"font-size: 16px; color: #ff6600;\">Google Maps Plugin<\/span><\/h2>\n<p><span style=\"font-size: 16px;\">Wir setzen auf unserer Webseite ein Plugin des Internetdienstes Google Maps ein. Betreiber von Google Maps ist Google Inc., ans\u00e4ssig in den USA, CA 94043, 1600 Amphitheatre Parkway, Mountain View. Indem Sie Google Maps auf unserer Webseite nutzen, werden Informationen \u00fcber die Nutzung dieser Webseite und Ihre IP-Adresse an einen Google-Server in den USA \u00fcbermittelt und auch auf diesem Server gespeichert. Wir haben keine Kenntnis \u00fcber den genauen Inhalt der \u00fcbermittelten Daten, noch \u00fcber ihre Nutzung durch Google. Das Unternehmen verneint in diesem Kontext die Verbindung der Daten mit Informationen aus anderen Google-Diensten und die Erfassung personenbezogener Daten. Allerdings kann Google die Informationen an Dritte \u00fcbermitteln. Wenn Sie Javascript in Ihrem Browser deaktivieren, verhindern Sie die Ausf\u00fchrung von Google Maps. Sie k\u00f6nnen dann aber auch keine Kartenanzeige auf unserer Webseite nutzen. Mit der Nutzung unserer Webseite erkl\u00e4ren Sie Ihr Einverst\u00e4ndnis mit der beschriebenen Erfassung und Verarbeitung der Informationen durch Google Inc.. N\u00e4heres zu den Datenschutzbestimmungen und Nutzungsbedingungen f\u00fcr Google Maps erfahren Sie hier: https:\/\/www.google.com\/intl\/de_de\/help\/terms_maps.html.<\/span><\/p>\n<p>&nbsp;<\/p>\n<p><span style=\"font-size: 16px;\">Diese Datenschutzerkl\u00e4rung wurde erstellt durch www.datenschutzexperte.de<\/span>[\/vc_column_text][vc_empty_space height=&#8220;20px&#8220;][\/vc_column][\/vc_row][vc_row][vc_column][vc_column_text][vc_row column_spacing=&#8220;0px&#8220; no_margins=&#8220;true&#8220;][vc_column visibility=&#8220;hidden-phone&#8220; el_class=&#8220;isdn2voip2&#8243;][vc_single_image image=&#8220;1383&#8243; onclick=&#8220;custom_link&#8220; link=&#8220;\/?page_id=1777&#8243;][\/vc_column][\/vc_row]\n[\/vc_column_text][\/vc_column][\/vc_row]\n","protected":false},"excerpt":{"rendered":"<p>[vc_row css=&#8220;.vc_custom_1568908381731{margin-top: 80px !important;}&#8220;][vc_column][vc_empty_space height=&#8220;15px&#8220;][vc_column_text] Die Kontaktdaten des Unternehmens: Telefonanlagenbau P\u00f6tzsch Karlstadter Pfad 11 97753 Karlstadt-He\u00dflar Inhaber: Heiko P\u00f6tzsch Amtsgericht Gem\u00fcnden USt-IdNr.:DE182369709 Die Kontaktdaten des Datenschutzbeauftragten: Telefonanlagenbau P\u00f6tzsch Name: Heiko P\u00f6tzsch Telefonnummer: 0 93 60 &#8211; 88 7 99 &#8211;&hellip;<\/p>\n","protected":false},"author":1,"featured_media":0,"parent":0,"menu_order":0,"comment_status":"open","ping_status":"open","template":"","meta":{"footnotes":""},"class_list":["post-1620","page","type-page","status-publish","hentry","entry","no-media"],"_links":{"self":[{"href":"https:\/\/telefonanlagenbau.net\/index.php?rest_route=\/wp\/v2\/pages\/1620","targetHints":{"allow":["GET"]}}],"collection":[{"href":"https:\/\/telefonanlagenbau.net\/index.php?rest_route=\/wp\/v2\/pages"}],"about":[{"href":"https:\/\/telefonanlagenbau.net\/index.php?rest_route=\/wp\/v2\/types\/page"}],"author":[{"embeddable":true,"href":"https:\/\/telefonanlagenbau.net\/index.php?rest_route=\/wp\/v2\/users\/1"}],"replies":[{"embeddable":true,"href":"https:\/\/telefonanlagenbau.net\/index.php?rest_route=%2Fwp%2Fv2%2Fcomments&post=1620"}],"version-history":[{"count":5,"href":"https:\/\/telefonanlagenbau.net\/index.php?rest_route=\/wp\/v2\/pages\/1620\/revisions"}],"predecessor-version":[{"id":1739,"href":"https:\/\/telefonanlagenbau.net\/index.php?rest_route=\/wp\/v2\/pages\/1620\/revisions\/1739"}],"wp:attachment":[{"href":"https:\/\/telefonanlagenbau.net\/index.php?rest_route=%2Fwp%2Fv2%2Fmedia&parent=1620"}],"curies":[{"name":"wp","href":"https:\/\/api.w.org\/{rel}","templated":true}]}}