{"id":1593,"date":"2019-09-19T16:49:42","date_gmt":"2019-09-19T14:49:42","guid":{"rendered":"http:\/\/telefonanlagenbau.kratochwil.de\/?page_id=1593"},"modified":"2019-09-20T18:06:06","modified_gmt":"2019-09-20T16:06:06","slug":"partner","status":"publish","type":"page","link":"https:\/\/telefonanlagenbau.net\/?page_id=1593","title":{"rendered":"Partner"},"content":{"rendered":"[vc_row gap=&#8220;20&#8243; equal_height=&#8220;yes&#8220; css=&#8220;.vc_custom_1568895508093{padding-top: 40px !important;}&#8220;][vc_column css=&#8220;.vc_custom_1568904672098{border-top-width: 20px !important;border-bottom-width: 0px !important;}&#8220;]<div class=\"vcex-module vcex-heading vcex-heading-plain vc_custom_1568905593694\" style=\"color:#fc7216;font-weight:600;\"><span class=\"vcex-heading-inner clr\">PARTNER<\/span><\/div>[vc_empty_space][vc_column_text css=&#8220;.vc_custom_1568905605699{border-left-width: 0px !important;padding-right: 0px !important;}&#8220;]<span style=\"font-size: 16px;\">Wir wollen Ihnen stets die bestm\u00f6glichen L\u00f6sungen bieten. Um diesen Anspr\u00fcchen gerecht zu werden, arbeiten wir mit einer Vielzahl von Partnern zusammen.<\/span>[\/vc_column_text][\/vc_column][\/vc_row][vc_row content_placement=&#8220;middle&#8220; gap=&#8220;20&#8243; equal_height=&#8220;yes&#8220; css=&#8220;.vc_custom_1568905780821{padding-top: 20px !important;background-color: #f5f5f5 !important;}&#8220; min_height=&#8220;50px&#8220;][vc_column width=&#8220;1\/3&#8243; css=&#8220;.vc_custom_1568904672098{border-top-width: 20px !important;border-bottom-width: 0px !important;}&#8220;][vc_single_image image=&#8220;1595&#8243; alignment=&#8220;center&#8220;][\/vc_column][vc_column width=&#8220;2\/3&#8243;][vc_column_text]<span style=\"font-size: 16px;\">Die\u00a0<strong>Mitel Deutschland GmbH<\/strong>, ist ein f\u00fchrendes Unternehmen im Bereich der Unternehmenskommunikation. Die Mitel Deutschland GmbH ging aus der \u00dcbernahme von Aastra durch Mitel Networks Corporation im Februar 2014 hervor. Telefonanlagenbau P\u00f6tzsch setzt seit vielen Jahren auf die Telekommunikationsl\u00f6sungen von Mitel.<\/span>[\/vc_column_text][\/vc_column][\/vc_row][vc_row content_placement=&#8220;middle&#8220; gap=&#8220;20&#8243; equal_height=&#8220;yes&#8220; css=&#8220;.vc_custom_1568905826023{padding-top: 20px !important;}&#8220; min_height=&#8220;50px&#8220;][vc_column width=&#8220;1\/3&#8243; css=&#8220;.vc_custom_1568904672098{border-top-width: 20px !important;border-bottom-width: 0px !important;}&#8220;][vc_single_image image=&#8220;1601&#8243; alignment=&#8220;center&#8220;][\/vc_column][vc_column width=&#8220;2\/3&#8243;][vc_column_text]<span style=\"font-size: 16px;\">F\u00fcr sichere, zuverl\u00e4ssige und zukunftsf\u00e4hige Netzwerkl\u00f6sungen \u201eMade in Germany\u201c ist\u00a0<strong>LANCOM Systems<\/strong>\u00a0die erste Wahl. LANCOM Systems ist der einzige deutsche Hersteller von Netzwerkl\u00f6sungen f\u00fcr Gesch\u00e4ftskunden und den \u00f6ffentlichen Sektor. Telefonanlagenbau P\u00f6tzsch vertraut seit vielen Jahren in die Produkte der Firma LANCOM Systems.<\/span>[\/vc_column_text][\/vc_column][\/vc_row][vc_row content_placement=&#8220;middle&#8220; gap=&#8220;20&#8243; equal_height=&#8220;yes&#8220; css=&#8220;.vc_custom_1568905780821{padding-top: 20px !important;background-color: #f5f5f5 !important;}&#8220; min_height=&#8220;50px&#8220;][vc_column width=&#8220;1\/3&#8243; css=&#8220;.vc_custom_1568904672098{border-top-width: 20px !important;border-bottom-width: 0px !important;}&#8220;][vc_single_image image=&#8220;1600&#8243; alignment=&#8220;center&#8220;][\/vc_column][vc_column width=&#8220;2\/3&#8243;][vc_column_text]<span style=\"font-size: 16px;\">Seit 1997 entwickelt\u00a0<strong>Estos<\/strong>\u00a0Unified Communications &amp; CTI Software zum Thema Kommunikation f\u00fcr Unternehmen. Telefonanlagenbau P\u00f6tzsch setzt seit mehreren Jahren mit Erfolg auf die innovativen Produkte von Estos.<\/span>[\/vc_column_text][\/vc_column][\/vc_row][vc_row content_placement=&#8220;middle&#8220; gap=&#8220;20&#8243; equal_height=&#8220;yes&#8220; css=&#8220;.vc_custom_1568905826023{padding-top: 20px !important;}&#8220; min_height=&#8220;50px&#8220;][vc_column width=&#8220;1\/3&#8243; css=&#8220;.vc_custom_1568904672098{border-top-width: 20px !important;border-bottom-width: 0px !important;}&#8220;][vc_single_image image=&#8220;1599&#8243; alignment=&#8220;center&#8220;][\/vc_column][vc_column width=&#8220;2\/3&#8243;][vc_column_text]<span style=\"font-size: 16px;\">Die\u00a0<strong>Deutsche Telekom AG<\/strong>\u00a0ist weltweit eines der f\u00fchrenden Dienstleistungs-Unternehmen der Telekommunikations- und Informationstechnologie-Branche. Die Deutsche Telekom AG ist der Provider von vielen unserer Kunden.<\/span>[\/vc_column_text][vc_column_text]<span style=\"font-size: 16px;\">Die\u00a0<strong>Deutsche Telekom AG<\/strong>\u00a0ist weltweit eines der f\u00fchrenden Dienstleistungs-Unternehmen der Telekommunikations- und Informationstechnologie-Branche. Die Deutsche Telekom AG ist der Provider von vielen unserer Kunden.<\/span>[\/vc_column_text][\/vc_column][\/vc_row][vc_row content_placement=&#8220;middle&#8220; gap=&#8220;20&#8243; equal_height=&#8220;yes&#8220; css=&#8220;.vc_custom_1568905780821{padding-top: 20px !important;background-color: #f5f5f5 !important;}&#8220; min_height=&#8220;50px&#8220;][vc_column width=&#8220;1\/3&#8243; css=&#8220;.vc_custom_1568904672098{border-top-width: 20px !important;border-bottom-width: 0px !important;}&#8220;][vc_single_image image=&#8220;1602&#8243; alignment=&#8220;center&#8220;][\/vc_column][vc_column width=&#8220;2\/3&#8243;][vc_column_text]<span style=\"font-size: 16px;\"><strong>Hab Net DSL<\/strong>\u00a0ist ein Service der Stadtwerke Hammelburg GmbH. Hab Net DSL hat es sich zum Ziel gesetzt, Regionen mit geringer Internetbandbreite mit schnellen DSL Zug\u00e4ngen zu versorgen. Telefonanlagenbau P\u00f6tzsch arbeitet mit Hab Net DSL zusammen, um auch Ihnen eine moderne und schnelle Internetanbindung zu erm\u00f6glichen.<\/span>[\/vc_column_text][\/vc_column][\/vc_row][vc_row content_placement=&#8220;middle&#8220; gap=&#8220;20&#8243; equal_height=&#8220;yes&#8220; css=&#8220;.vc_custom_1568905826023{padding-top: 20px !important;}&#8220; min_height=&#8220;50px&#8220;][vc_column width=&#8220;1\/3&#8243; css=&#8220;.vc_custom_1568904672098{border-top-width: 20px !important;border-bottom-width: 0px !important;}&#8220;][vc_single_image image=&#8220;1757&#8243; alignment=&#8220;center&#8220;][\/vc_column][vc_column width=&#8220;2\/3&#8243;][vc_column_text]\n<div class=\"row content-row\">\n<div class=\"col-xs-12 col-md-8\">\n<div class=\"content-column column-\">\n<div class=\"row module paragraph_module\">\n<div class=\"col-xs-12\">\n<p><span style=\"font-size: 16px;\">Seit 2005 bietet <strong>peoplefone<\/strong> VoIP Telefonanschl\u00fcsse an und geh\u00f6rt zu den TOP 3 Festnetzanbietern (unabh\u00e4ngiges Rating). Peoplefone zeichnet sich durch ein stabiles VoIP Telefonnetzwerk aus. Das VoIP Netzwerk wirdst\u00e4ndig weiter entwickelt. Vebundene Rechenzentren in Deutschland und in der Schweiz bieten eine redundante Verf\u00fcgbarkeit und Sicherheit.<\/span><\/p>\n<\/div>\n<\/div>\n<\/div>\n<\/div>\n<\/div>\n[\/vc_column_text][\/vc_column][\/vc_row][vc_row content_placement=&#8220;middle&#8220; gap=&#8220;20&#8243; equal_height=&#8220;yes&#8220; css=&#8220;.vc_custom_1568905780821{padding-top: 20px !important;background-color: #f5f5f5 !important;}&#8220; min_height=&#8220;50px&#8220;][vc_column width=&#8220;1\/3&#8243; css=&#8220;.vc_custom_1568904672098{border-top-width: 20px !important;border-bottom-width: 0px !important;}&#8220;][vc_single_image image=&#8220;1756&#8243; alignment=&#8220;center&#8220;][\/vc_column][vc_column width=&#8220;2\/3&#8243;][vc_column_text]<span style=\"font-size: 16px;\">Die\u00a0<strong>Plusnet GmbH<\/strong> mit Sitz in K\u00f6ln-Ossendorf ist ein deutscher IT-Dienstleister sowie ein Netzbetreiber und Anbieter von Internet- und Telekommunikationsprodukten. Telefonanlagenbau P\u00f6tzsch arbeitet mit Plusnet zusammen, um Ihnen die bestm\u00f6gliche Internetanbindung zu erm\u00f6glichen.<\/span>[\/vc_column_text][\/vc_column][\/vc_row][vc_row][vc_column][vc_column_text][vc_row column_spacing=&#8220;0px&#8220; no_margins=&#8220;true&#8220;][vc_column visibility=&#8220;hidden-phone&#8220; el_class=&#8220;isdn2voip2&#8243;][vc_single_image image=&#8220;1383&#8243; onclick=&#8220;custom_link&#8220; link=&#8220;\/?page_id=1777&#8243;][\/vc_column][\/vc_row]\n[\/vc_column_text][\/vc_column][\/vc_row]\n","protected":false},"excerpt":{"rendered":"<p>[vc_row gap=&#8220;20&#8243; equal_height=&#8220;yes&#8220; css=&#8220;.vc_custom_1568895508093{padding-top: 40px !important;}&#8220;][vc_column css=&#8220;.vc_custom_1568904672098{border-top-width: 20px !important;border-bottom-width: 0px !important;}&#8220;][vc_empty_space][vc_column_text css=&#8220;.vc_custom_1568905605699{border-left-width: 0px !important;padding-right: 0px !important;}&#8220;]Wir wollen Ihnen stets die bestm\u00f6glichen L\u00f6sungen bieten. Um diesen Anspr\u00fcchen gerecht zu werden, arbeiten wir mit einer Vielzahl von Partnern zusammen.[\/vc_column_text][\/vc_column][\/vc_row][vc_row content_placement=&#8220;middle&#8220; gap=&#8220;20&#8243; equal_height=&#8220;yes&#8220;&hellip;<\/p>\n","protected":false},"author":1,"featured_media":0,"parent":0,"menu_order":0,"comment_status":"open","ping_status":"open","template":"","meta":{"footnotes":""},"class_list":["post-1593","page","type-page","status-publish","hentry","entry","no-media"],"_links":{"self":[{"href":"https:\/\/telefonanlagenbau.net\/index.php?rest_route=\/wp\/v2\/pages\/1593","targetHints":{"allow":["GET"]}}],"collection":[{"href":"https:\/\/telefonanlagenbau.net\/index.php?rest_route=\/wp\/v2\/pages"}],"about":[{"href":"https:\/\/telefonanlagenbau.net\/index.php?rest_route=\/wp\/v2\/types\/page"}],"author":[{"embeddable":true,"href":"https:\/\/telefonanlagenbau.net\/index.php?rest_route=\/wp\/v2\/users\/1"}],"replies":[{"embeddable":true,"href":"https:\/\/telefonanlagenbau.net\/index.php?rest_route=%2Fwp%2Fv2%2Fcomments&post=1593"}],"version-history":[{"count":5,"href":"https:\/\/telefonanlagenbau.net\/index.php?rest_route=\/wp\/v2\/pages\/1593\/revisions"}],"predecessor-version":[{"id":1758,"href":"https:\/\/telefonanlagenbau.net\/index.php?rest_route=\/wp\/v2\/pages\/1593\/revisions\/1758"}],"wp:attachment":[{"href":"https:\/\/telefonanlagenbau.net\/index.php?rest_route=%2Fwp%2Fv2%2Fmedia&parent=1593"}],"curies":[{"name":"wp","href":"https:\/\/api.w.org\/{rel}","templated":true}]}}