{"id":1585,"date":"2019-09-19T16:38:47","date_gmt":"2019-09-19T14:38:47","guid":{"rendered":"http:\/\/telefonanlagenbau.kratochwil.de\/?page_id=1585"},"modified":"2019-09-20T17:16:19","modified_gmt":"2019-09-20T15:16:19","slug":"callback-service","status":"publish","type":"page","link":"https:\/\/telefonanlagenbau.net\/?page_id=1585","title":{"rendered":"Callback-Service"},"content":{"rendered":"[vc_row css=&#8220;.vc_custom_1489784644316{padding-top: 60px !important;}&#8220;][vc_column]<div class=\"vcex-module vcex-heading vcex-heading-plain vc_custom_1568903949457\" style=\"color:#fc7216;font-weight:600;\"><span class=\"vcex-heading-inner clr\">CALLBACK-SERVICE<\/span><\/div>[vc_empty_space][vc_column_text css=&#8220;.vc_custom_1568903991566{border-left-width: 0px !important;padding-right: 20px !important;}&#8220;]<span style=\"font-size: 16px;\">Gerne rufen wir Sie zur\u00fcck. Wir werden dabei schnellstm\u00f6glichst reagieren. Erleichtern Sie uns den R\u00fcckruf indem Sie uns bitte den Grund Ihrer Anforderung nennen. Falls es schneller gehen soll, nutzen Sie bitte unsere\u00a0<span style=\"color: #ff6600;\"><b>Hotline 0 93 60 \/ 88 7 99 \u2013 0<\/b>.<\/span><\/span>[\/vc_column_text][vc_empty_space]\n<div class=\"wpcf7 no-js\" id=\"wpcf7-f1588-o1\" lang=\"de-DE\" dir=\"ltr\" data-wpcf7-id=\"1588\">\n<div class=\"screen-reader-response\"><p role=\"status\" aria-live=\"polite\" aria-atomic=\"true\"><\/p> <ul><\/ul><\/div>\n<form action=\"\/index.php?rest_route=%2Fwp%2Fv2%2Fpages%2F1585#wpcf7-f1588-o1\" method=\"post\" class=\"wpcf7-form init\" aria-label=\"Kontaktformular\" novalidate=\"novalidate\" data-status=\"init\">\n<div style=\"display: none;\">\n<input type=\"hidden\" name=\"_wpcf7\" value=\"1588\" \/>\n<input type=\"hidden\" name=\"_wpcf7_version\" value=\"6.0.6\" \/>\n<input type=\"hidden\" name=\"_wpcf7_locale\" value=\"de_DE\" \/>\n<input type=\"hidden\" name=\"_wpcf7_unit_tag\" value=\"wpcf7-f1588-o1\" \/>\n<input type=\"hidden\" name=\"_wpcf7_container_post\" value=\"0\" \/>\n<input type=\"hidden\" name=\"_wpcf7_posted_data_hash\" value=\"\" \/>\n<\/div>\n<p>Ihr Name (Pflichtfeld)\n<\/p>\n<p><span class=\"wpcf7-form-control-wrap\" data-name=\"your-name\"><input size=\"40\" maxlength=\"400\" class=\"wpcf7-form-control wpcf7-text wpcf7-validates-as-required\" aria-required=\"true\" aria-invalid=\"false\" value=\"\" type=\"text\" name=\"your-name\" \/><\/span>\n<\/p>\n<p>Ihre Telefonnummer (Pflichtfeld)\n<\/p>\n<p><span class=\"wpcf7-form-control-wrap\" data-name=\"your-tel\"><input size=\"40\" maxlength=\"400\" class=\"wpcf7-form-control wpcf7-tel wpcf7-validates-as-required wpcf7-text wpcf7-validates-as-tel\" aria-required=\"true\" aria-invalid=\"false\" value=\"\" type=\"tel\" name=\"your-tel\" \/><\/span>\n<\/p>\n<p>Grund des R\u00fcckrufes (Pflichtfeld)\n<\/p>\n<p><span class=\"wpcf7-form-control-wrap\" data-name=\"your-message\"><textarea cols=\"40\" rows=\"10\" maxlength=\"2000\" class=\"wpcf7-form-control wpcf7-textarea\" aria-invalid=\"false\" name=\"your-message\"><\/textarea><\/span>\n<\/p>\n<p><input class=\"wpcf7-form-control wpcf7-submit has-spinner\" type=\"submit\" value=\"Senden\" \/>\n<\/p><div class=\"wpcf7-response-output\" aria-hidden=\"true\"><\/div>\n<\/form>\n<\/div>\n[\/vc_column][\/vc_row][vc_row][vc_column][vc_column_text][vc_row column_spacing=&#8220;0px&#8220; no_margins=&#8220;true&#8220;][vc_column visibility=&#8220;hidden-phone&#8220; el_class=&#8220;isdn2voip2&#8243;][vc_single_image image=&#8220;1383&#8243; onclick=&#8220;custom_link&#8220; link=&#8220;\/?page_id=1777&#8243;][\/vc_column][\/vc_row]\n[\/vc_column_text][\/vc_column][\/vc_row]\n","protected":false},"excerpt":{"rendered":"<p>[vc_row css=&#8220;.vc_custom_1489784644316{padding-top: 60px !important;}&#8220;][vc_column][vc_empty_space][vc_column_text css=&#8220;.vc_custom_1568903991566{border-left-width: 0px !important;padding-right: 20px !important;}&#8220;]Gerne rufen wir Sie zur\u00fcck. Wir werden dabei schnellstm\u00f6glichst reagieren. Erleichtern Sie uns den R\u00fcckruf indem Sie uns bitte den Grund Ihrer Anforderung nennen. Falls es schneller gehen soll, nutzen Sie bitte&hellip;<\/p>\n","protected":false},"author":1,"featured_media":0,"parent":0,"menu_order":0,"comment_status":"open","ping_status":"open","template":"","meta":{"footnotes":""},"class_list":["post-1585","page","type-page","status-publish","hentry","entry","no-media"],"_links":{"self":[{"href":"https:\/\/telefonanlagenbau.net\/index.php?rest_route=\/wp\/v2\/pages\/1585","targetHints":{"allow":["GET"]}}],"collection":[{"href":"https:\/\/telefonanlagenbau.net\/index.php?rest_route=\/wp\/v2\/pages"}],"about":[{"href":"https:\/\/telefonanlagenbau.net\/index.php?rest_route=\/wp\/v2\/types\/page"}],"author":[{"embeddable":true,"href":"https:\/\/telefonanlagenbau.net\/index.php?rest_route=\/wp\/v2\/users\/1"}],"replies":[{"embeddable":true,"href":"https:\/\/telefonanlagenbau.net\/index.php?rest_route=%2Fwp%2Fv2%2Fcomments&post=1585"}],"version-history":[{"count":4,"href":"https:\/\/telefonanlagenbau.net\/index.php?rest_route=\/wp\/v2\/pages\/1585\/revisions"}],"predecessor-version":[{"id":1732,"href":"https:\/\/telefonanlagenbau.net\/index.php?rest_route=\/wp\/v2\/pages\/1585\/revisions\/1732"}],"wp:attachment":[{"href":"https:\/\/telefonanlagenbau.net\/index.php?rest_route=%2Fwp%2Fv2%2Fmedia&parent=1585"}],"curies":[{"name":"wp","href":"https:\/\/api.w.org\/{rel}","templated":true}]}}