{"id":1570,"date":"2019-09-19T16:04:22","date_gmt":"2019-09-19T14:04:22","guid":{"rendered":"http:\/\/telefonanlagenbau.kratochwil.de\/?page_id=1570"},"modified":"2021-11-10T11:13:13","modified_gmt":"2021-11-10T10:13:13","slug":"service","status":"publish","type":"page","link":"https:\/\/telefonanlagenbau.net\/?page_id=1570","title":{"rendered":"Service"},"content":{"rendered":"[vc_row gap=&#8220;20&#8243; equal_height=&#8220;yes&#8220; css=&#8220;.vc_custom_1568902635771{margin-bottom: 0px !important;border-bottom-width: 0px !important;padding-top: 40px !important;padding-bottom: 0px !important;}&#8220;][vc_column width=&#8220;1\/2&#8243; css=&#8220;.vc_custom_1568902093267{margin-bottom: 0px !important;border-top-width: 20px !important;border-bottom-width: 0px !important;padding-bottom: 0px !important;}&#8220;]<div class=\"vcex-module vcex-heading vcex-heading-plain vc_custom_1568902039698\" style=\"color:#fc7216;font-weight:600;\"><span class=\"vcex-heading-inner clr\">SERVICE<\/span><\/div>[vc_empty_space][vc_column_text css=&#8220;.vc_custom_1568901939009{border-left-width: 20px !important;padding-right: 20px !important;}&#8220;]<span style=\"font-size: 16px;\">Wir bieten Ihnen umfassenden Service aus einer Hand. Wie jedes andere System auch, m\u00fcssen die von uns installierten Produkte zur gegebenen Zeit gewartet und aktualisiert werden.<\/span><\/p>\n<p><span style=\"font-size: 16px;\">Wenn es soweit ist, entscheiden unsere geschulten und zertifizierten Mitarbeiter, ob eine effiziente Fernwartung ohne Anfart gen\u00fcgt oder ein Vor-Ort-Service durchgef\u00fchrt werden sollte.<\/span>[\/vc_column_text][vc_single_image image=&#8220;1572&#8243; img_size=&#8220;large&#8220; css=&#8220;.vc_custom_1568902626896{margin-bottom: 0px !important;margin-left: 0px !important;border-bottom-width: 0px !important;border-left-width: 0px !important;padding-bottom: 0px !important;padding-left: 0px !important;}&#8220;][\/vc_column][vc_column width=&#8220;1\/2&#8243; css=&#8220;.vc_custom_1568902167768{margin-right: 0px !important;margin-bottom: 0px !important;margin-left: 0px !important;border-right-width: 0px !important;border-bottom-width: 0px !important;border-left-width: 0px !important;padding-right: 0px !important;padding-bottom: 0px !important;padding-left: 0px !important;background-color: #f5f5f5 !important;}&#8220;][vc_empty_space height=&#8220;15px&#8220;]<div class=\"vcex-module vcex-heading vcex-heading-plain vc_custom_1568902304572\" style=\"color:#1e2e38;font-weight:600;\"><span class=\"vcex-heading-inner clr\"><span class=\"vcex-icon-wrap vcex-icon-position-left\" style=\"color:#ffffff;\"><span class=\"ticon ticon-check\"><\/span><\/span>CHECKLISTE<\/span><\/div>[vc_empty_space height=&#8220;15px&#8220;][vc_column_text css=&#8220;.vc_custom_1568902277492{border-left-width: 20px !important;}&#8220;]<span style=\"font-size: 16px;\">Nutzen Sie unsere Hilfestellung zur Analyse Ihres Bedarfes.<\/span><br \/>\n<span style=\"font-size: 16px;\">Mit Hilfe der Checkliste geben wir Ihnen die M\u00f6glichkeit, alle relevanten Informationen f\u00fcr Ihre Anforderung ganz bequem an uns zu \u00fcbermitteln.<\/span>[\/vc_column_text][vc_empty_space height=&#8220;20px&#8220;]<div class=\"vc_custom_1568992085956 wpex-clr\"><a href=\"\/?page_id=1400\" class=\"vcex-button theme-button medium align-right inline animate-on-hover\"><span class=\"theme-button-inner\">Weiter<span class=\"vcex-icon-wrap theme-button-icon-right\"><span class=\"ticon ticon-arrow-right\"><\/span><\/span><\/span><\/a><\/div> [vc_empty_space height=&#8220;15px&#8220;]<div class=\"vcex-module vcex-heading vcex-heading-plain vc_custom_1568902431020\" style=\"color:#1e2e38;font-weight:600;\"><span class=\"vcex-heading-inner clr\"><span class=\"vcex-icon-wrap vcex-icon-position-left\" style=\"color:#ffffff;\"><span class=\"ticon ticon-phone\"><\/span><\/span>CALLBACK SERVICE<\/span><\/div>[vc_empty_space height=&#8220;15px&#8220;][vc_column_text css=&#8220;.vc_custom_1568902376396{border-left-width: 20px !important;}&#8220;]<span style=\"font-size: 16px;\">Sie haben ein technisches Problem mit Ihrer Anlage? Oder m\u00f6chten Sie eine Anfrage aufgeben? Was es auch ist, wir helfen Ihnen gerne. Hinterlassen Sie uns einfach eine\u00a0 Nachricht. Wir rufen Sie zur\u00fcck, das geh\u00f6rt zum Service dazu.<\/span>[\/vc_column_text][vc_empty_space height=&#8220;20px&#8220;]<div class=\"vc_custom_1568992112154 wpex-clr\"><a href=\"\/?page_id=1585\" class=\"vcex-button theme-button medium align-right inline animate-on-hover\"><span class=\"theme-button-inner\">Weiter<span class=\"vcex-icon-wrap theme-button-icon-right\"><span class=\"ticon ticon-arrow-right\"><\/span><\/span><\/span><\/a><\/div> [vc_empty_space height=&#8220;15px&#8220;]<div class=\"vcex-module vcex-heading vcex-heading-plain vc_custom_1568902543872\" style=\"color:#1e2e38;font-weight:600;\"><span class=\"vcex-heading-inner clr\"><span class=\"vcex-icon-wrap vcex-icon-position-left\" style=\"color:#ffffff;\"><span class=\"ticon ticon-exclamation-triangle\"><\/span><\/span>HOTLINE<\/span><\/div>[vc_empty_space height=&#8220;15px&#8220;][vc_column_text css=&#8220;.vc_custom_1568902565850{border-left-width: 20px !important;}&#8220;]<span style=\"font-size: 16px;\">Manchmal muss es einfach schnell gehen \u2013 daf\u00fcr gibt es unsere Hotline. <\/span><span style=\"font-size: 16px;\">Kontaktieren Sie uns w\u00e4hrend unserer B\u00fcrozeiten <\/span><span style=\"font-size: 16px;\">Mo \u2013 Fr, 08:00 \u2013 18:00 Uhr<\/span><\/p>\n<p><span style=\"font-size: 16px;\">Unter unserer\u00a0Hotline\u00a0<span style=\"color: #ff6600;\"><strong>0 93 60 \u2013 88 7 99 &#8211; 0<\/strong><\/span>\u00a0stehen wir Ihnen gerne mit Rat und Tat zur Seite<\/span>[\/vc_column_text][vc_empty_space height=&#8220;20px&#8220;]<div class=\"vc_custom_1568992135811 wpex-clr\"><a href=\"\/?page_id=1445\" class=\"vcex-button theme-button medium align-right inline animate-on-hover\"><span class=\"theme-button-inner\">Weiter<span class=\"vcex-icon-wrap theme-button-icon-right\"><span class=\"ticon ticon-arrow-right\"><\/span><\/span><\/span><\/a><\/div> [vc_empty_space height=&#8220;15px&#8220;][\/vc_column][\/vc_row][vc_row gap=&#8220;20&#8243; equal_height=&#8220;yes&#8220; css=&#8220;.vc_custom_1568902635771{margin-bottom: 0px !important;border-bottom-width: 0px !important;padding-top: 40px !important;padding-bottom: 0px !important;}&#8220;][vc_column css=&#8220;.vc_custom_1568902093267{margin-bottom: 0px !important;border-top-width: 20px !important;border-bottom-width: 0px !important;padding-bottom: 0px !important;}&#8220;][vc_empty_space height=&#8220;15px&#8220;]<div class=\"vcex-module vcex-heading vcex-heading-plain vc_custom_1568903205088\" style=\"color:#1e2e38;font-weight:600;\"><span class=\"vcex-heading-inner clr\"><span class=\"vcex-icon-wrap vcex-icon-position-left\" style=\"color:#ffffff;\"><span class=\"ticon ticon-check\"><\/span><\/span>FERNWARTUNG<\/span><\/div>[vc_empty_space height=&#8220;15px&#8220;][\/vc_column][\/vc_row][vc_row gap=&#8220;20&#8243; equal_height=&#8220;yes&#8220; css=&#8220;.vc_custom_1568903066285{margin-bottom: 0px !important;border-bottom-width: 0px !important;padding-top: 20px !important;padding-bottom: 0px !important;}&#8220;][vc_column width=&#8220;1\/2&#8243; css=&#8220;.vc_custom_1568903024795{margin-bottom: 0px !important;border-top-width: 0px !important;border-bottom-width: 0px !important;padding-bottom: 0px !important;}&#8220;][vc_column_text css=&#8220;.vc_custom_1568902714063{border-left-width: 20px !important;}&#8220;]<span style=\"font-size: 16px;\">Damit wir bei Ihnen eine Fernwartung durchf\u00fchren k\u00f6nnen, ben\u00f6tigen Sie die passende Software. Diese k\u00f6nnen Sie hier herunterladen.<\/span>[\/vc_column_text][vc_empty_space height=&#8220;20px&#8220;][vc_empty_space height=&#8220;15px&#8220;][\/vc_column][vc_column width=&#8220;1\/2&#8243;]<div class=\"vc_custom_1636539145493 wpex-clr\"><a href=\"http:\/\/www.fastviewer.com\/demo\/FastClient.exe\" class=\"vcex-button theme-button medium align-left inline animate-on-hover\" target=\"_blank\"><span class=\"theme-button-inner\">FastViewer f\u00fcr Windows-Systeme<span class=\"vcex-icon-wrap theme-button-icon-right\"><span class=\"ticon ticon-windows\"><\/span><\/span><\/span><\/a><\/div> [vc_empty_space height=&#8220;15px&#8220;]<div class=\"vc_custom_1636539152003 wpex-clr\"><a href=\"https:\/\/fastviewer.com\/demo\/FastClient.app.zip\" class=\"vcex-button theme-button medium align-left inline animate-on-hover\" target=\"_blank\"><span class=\"theme-button-inner\">FastViewer f\u00fcr Mac-Systeme (Apple)<span class=\"vcex-icon-wrap theme-button-icon-right\"><span class=\"ticon ticon-apple\"><\/span><\/span><\/span><\/a><\/div> [vc_empty_space height=&#8220;15px&#8220;]<div class=\"vc_custom_1636539163066 wpex-clr\"><a href=\"https:\/\/nacl.pcvisit.com\/fast_update\/v1\/hosted\/jumplink?func=download&#038;productid=18&#038;product=guestSetup\" class=\"vcex-button theme-button medium align-left inline animate-on-hover\" target=\"_blank\"><span class=\"theme-button-inner\">pcvisit Download<span class=\"vcex-icon-wrap theme-button-icon-right\"><span class=\"ticon ticon-download\"><\/span><\/span><\/span><\/a><\/div> [\/vc_column][\/vc_row][vc_row][vc_column][vc_column_text][vc_row column_spacing=&#8220;0px&#8220; no_margins=&#8220;true&#8220;][vc_column visibility=&#8220;hidden-phone&#8220; el_class=&#8220;isdn2voip2&#8243;][vc_single_image image=&#8220;1383&#8243; onclick=&#8220;custom_link&#8220; link=&#8220;\/?page_id=1777&#8243;][\/vc_column][\/vc_row]\n[\/vc_column_text][\/vc_column][\/vc_row]\n","protected":false},"excerpt":{"rendered":"<p>[vc_row gap=&#8220;20&#8243; equal_height=&#8220;yes&#8220; css=&#8220;.vc_custom_1568902635771{margin-bottom: 0px !important;border-bottom-width: 0px !important;padding-top: 40px !important;padding-bottom: 0px !important;}&#8220;][vc_column width=&#8220;1\/2&#8243; css=&#8220;.vc_custom_1568902093267{margin-bottom: 0px !important;border-top-width: 20px !important;border-bottom-width: 0px !important;padding-bottom: 0px !important;}&#8220;][vc_empty_space][vc_column_text css=&#8220;.vc_custom_1568901939009{border-left-width: 20px !important;padding-right: 20px !important;}&#8220;]Wir bieten Ihnen umfassenden Service aus einer Hand. Wie jedes andere System auch, m\u00fcssen&hellip;<\/p>\n","protected":false},"author":1,"featured_media":0,"parent":0,"menu_order":0,"comment_status":"open","ping_status":"open","template":"","meta":{"footnotes":""},"class_list":["post-1570","page","type-page","status-publish","hentry","entry","no-media"],"_links":{"self":[{"href":"https:\/\/telefonanlagenbau.net\/index.php?rest_route=\/wp\/v2\/pages\/1570","targetHints":{"allow":["GET"]}}],"collection":[{"href":"https:\/\/telefonanlagenbau.net\/index.php?rest_route=\/wp\/v2\/pages"}],"about":[{"href":"https:\/\/telefonanlagenbau.net\/index.php?rest_route=\/wp\/v2\/types\/page"}],"author":[{"embeddable":true,"href":"https:\/\/telefonanlagenbau.net\/index.php?rest_route=\/wp\/v2\/users\/1"}],"replies":[{"embeddable":true,"href":"https:\/\/telefonanlagenbau.net\/index.php?rest_route=%2Fwp%2Fv2%2Fcomments&post=1570"}],"version-history":[{"count":12,"href":"https:\/\/telefonanlagenbau.net\/index.php?rest_route=\/wp\/v2\/pages\/1570\/revisions"}],"predecessor-version":[{"id":1844,"href":"https:\/\/telefonanlagenbau.net\/index.php?rest_route=\/wp\/v2\/pages\/1570\/revisions\/1844"}],"wp:attachment":[{"href":"https:\/\/telefonanlagenbau.net\/index.php?rest_route=%2Fwp%2Fv2%2Fmedia&parent=1570"}],"curies":[{"name":"wp","href":"https:\/\/api.w.org\/{rel}","templated":true}]}}