{"id":1455,"date":"2019-09-19T14:49:20","date_gmt":"2019-09-19T12:49:20","guid":{"rendered":"http:\/\/telefonanlagenbau.kratochwil.de\/?page_id=1455"},"modified":"2019-09-26T14:20:33","modified_gmt":"2019-09-26T12:20:33","slug":"unternehmen","status":"publish","type":"page","link":"https:\/\/telefonanlagenbau.net\/?page_id=1455","title":{"rendered":"Unternehmen"},"content":{"rendered":"[vc_row gap=&#8220;20&#8243; equal_height=&#8220;yes&#8220; css=&#8220;.vc_custom_1568895508093{padding-top: 40px !important;}&#8220;][vc_column width=&#8220;1\/2&#8243; css=&#8220;.vc_custom_1568898097603{border-top-width: 20px !important;border-bottom-width: 0px !important;background-color: #f5f5f5 !important;}&#8220;]<div class=\"vcex-module vcex-heading vcex-heading-plain vc_custom_1568897899620\" style=\"color:#fc7216;font-weight:600;\"><span class=\"vcex-heading-inner clr\">UNTERNEHMENSPROFIL<\/span><\/div>[vc_empty_space][vc_column_text css=&#8220;.vc_custom_1568897984791{border-left-width: 20px !important;padding-right: 20px !important;}&#8220;]<span style=\"font-size: 16px;\">Sie erwarten, technisches Know-how aus einer Hand, Beratungskompetenz und Fairness?<\/span><\/p>\n<p><span style=\"font-size: 18px;\"><em><span style=\"color: #fc7216;\">Wir bieten Ihnen ma\u00dfgeschneiderte L\u00f6sungen.<\/span><\/em><\/span><\/p>\n<p><span style=\"font-size: 16px;\">Telefonanlagenbau P\u00f6tzsch wurde 1996 mit Eintrag in die Handwerksrolle der HWK Ufr., W\u00fcrzburg\u00a0 gegr\u00fcndet, seitdem f\u00fchrt Inhaber Heiko P\u00f6tzsch das stetig wachsende Unternehmen. Unsere Mitarbeiter sind ausgebildete IT-Systemelektroniker, Fernmeldetechniker und Administratoren, die ausgezeichnet qualifiziert, geschult und zuverl\u00e4ssig sind.<\/span><\/p>\n<p><span style=\"font-size: 16px;\">Mit der Verkn\u00fcpfung von Kommunikation (Telefonie) und IT-Infrastruktur schaffen wir eine effiziente Verbindung zweier Kompetenzbereiche. Langj\u00e4hrige Gesch\u00e4ftsbeziehungen zu namhaften Partnern und Zulieferern garantieren h\u00f6chste Qualit\u00e4t. Wir freuen uns auf eine vertrauensvolle Zusammenarbeit.<\/span><\/p>\n<blockquote>\n<p><span style=\"color: #fc7216;\"><strong>Unsere Kunden profitieren durch unsere Erfahrung und sch\u00e4tzen unsere Flexibilit\u00e4t<\/strong><\/span><\/p>\n<\/blockquote>\n[\/vc_column_text][vc_single_image image=&#8220;1460&#8243; img_size=&#8220;large&#8220;][\/vc_column][vc_column width=&#8220;1\/2&#8243; css=&#8220;.vc_custom_1568890936666{margin-right: 0px !important;margin-bottom: 0px !important;margin-left: 0px !important;border-right-width: 0px !important;border-bottom-width: 0px !important;border-left-width: 0px !important;padding-right: 0px !important;padding-bottom: 0px !important;padding-left: 0px !important;}&#8220;][vc_single_image image=&#8220;1457&#8243; alignment=&#8220;center&#8220;][\/vc_column][\/vc_row][vc_row gap=&#8220;20&#8243; css=&#8220;.vc_custom_1568895065964{padding-top: 40px !important;}&#8220;][vc_column width=&#8220;1\/2&#8243; css=&#8220;.vc_custom_1568894672783{border-top-width: 20px !important;border-bottom-width: 20px !important;background-color: #f5f5f5 !important;}&#8220;]<div class=\"vcex-module vcex-heading vcex-heading-plain vc_custom_1568898278500\" style=\"color:#1e2e38;font-weight:600;\"><span class=\"vcex-heading-inner clr\"><span class=\"vcex-icon-wrap vcex-icon-position-left\" style=\"color:#ffffff;\"><span class=\"ticon ticon-comments\"><\/span><\/span>REFERENZEN<\/span><\/div>[vc_empty_space height=&#8220;15px&#8220;][vc_column_text css=&#8220;.vc_custom_1568898254613{border-left-width: 10px !important;}&#8220;]<span style=\"font-size: 16px;\">Taten sagen mehr als Worte \u2013 Werfen Sie einen kurzen Blick auf unsere Referenzen.<\/span>[\/vc_column_text][vc_empty_space height=&#8220;20px&#8220;]<a href=\"\/?page_id=1506\" class=\"vcex-button theme-button medium align-right inline animate-on-hover\"><span class=\"theme-button-inner\">Weiter<span class=\"vcex-icon-wrap theme-button-icon-right\"><span class=\"ticon ticon-arrow-right\"><\/span><\/span><\/span><\/a> [\/vc_column][vc_column width=&#8220;1\/2&#8243; css=&#8220;.vc_custom_1568895023255{border-top-width: 20px !important;border-bottom-width: 20px !important;background-color: #f5f5f5 !important;}&#8220;]<div class=\"vcex-module vcex-heading vcex-heading-plain vc_custom_1568898299381\" style=\"color:#1e2e38;font-weight:600;\"><span class=\"vcex-heading-inner clr\"><span class=\"vcex-icon-wrap vcex-icon-position-left\" style=\"color:#ffffff;\"><span class=\"ticon ticon-cogs\"><\/span><\/span>PARTNER<\/span><\/div>[vc_empty_space height=&#8220;15px&#8220;][vc_column_text css=&#8220;.vc_custom_1568898305868{border-left-width: 10px !important;}&#8220;]<span style=\"font-size: 16px;\">Wir arbeiten mit mehreren Partnerfirmen zusammen, um Ihnen stets die bestm\u00f6gliche L\u00f6sung bieten zu k\u00f6nnen.<\/span>[\/vc_column_text][vc_empty_space height=&#8220;20px&#8220;]<a href=\"\/?page_id=1593\" class=\"vcex-button theme-button medium align-right inline animate-on-hover\"><span class=\"theme-button-inner\">Weiter<span class=\"vcex-icon-wrap theme-button-icon-right\"><span class=\"ticon ticon-arrow-right\"><\/span><\/span><\/span><\/a> [\/vc_column][\/vc_row][vc_row][vc_column][vc_column_text][vc_row column_spacing=&#8220;0px&#8220; no_margins=&#8220;true&#8220;][vc_column visibility=&#8220;hidden-phone&#8220; el_class=&#8220;isdn2voip2&#8243;][vc_single_image image=&#8220;1383&#8243; onclick=&#8220;custom_link&#8220; link=&#8220;\/?page_id=1777&#8243;][\/vc_column][\/vc_row]\n[\/vc_column_text][\/vc_column][\/vc_row][vc_row][vc_column width=&#8220;1\/3&#8243;]<div class=\"vcex-module vcex-heading vcex-heading-plain vc_custom_1569437367065\" style=\"color:#fc7216;font-weight:600;\"><span class=\"vcex-heading-inner clr\">Downloads<\/span><\/div>[\/vc_column][vc_column width=&#8220;1\/3&#8243;][\/vc_column][vc_column width=&#8220;1\/3&#8243;][\/vc_column][\/vc_row][vc_row][vc_column width=&#8220;1\/3&#8243;][vc_single_image image=&#8220;1810&#8243; img_size=&#8220;medium&#8220; alignment=&#8220;center&#8220; style=&#8220;vc_box_shadow_border&#8220; onclick=&#8220;custom_link&#8220; img_link_target=&#8220;_blank&#8220; link=&#8220;\/wp-content\/uploads\/2019\/09\/Imageflyer_web.pdf&#8220; img_caption=&#8220;Imageflyer&#8220;][\/vc_column][vc_column width=&#8220;1\/3&#8243;][vc_single_image image=&#8220;1811&#8243; img_size=&#8220;medium&#8220; alignment=&#8220;center&#8220; style=&#8220;vc_box_shadow_border&#8220; onclick=&#8220;custom_link&#8220; img_link_target=&#8220;_blank&#8220; link=&#8220;\/wp-content\/uploads\/2019\/09\/Flyer_All-IP.pdf&#8220; img_caption=&#8220;Infoflyer ISDN-Aus&#8220;][\/vc_column][vc_column width=&#8220;1\/3&#8243;][\/vc_column][\/vc_row][vc_empty_space height=&#8220;15px&#8220;][vc_row][vc_column][\/vc_column][\/vc_row]\n","protected":false},"excerpt":{"rendered":"<p>[vc_row gap=&#8220;20&#8243; equal_height=&#8220;yes&#8220; css=&#8220;.vc_custom_1568895508093{padding-top: 40px !important;}&#8220;][vc_column width=&#8220;1\/2&#8243; css=&#8220;.vc_custom_1568898097603{border-top-width: 20px !important;border-bottom-width: 0px !important;background-color: #f5f5f5 !important;}&#8220;][vc_empty_space][vc_column_text css=&#8220;.vc_custom_1568897984791{border-left-width: 20px !important;padding-right: 20px !important;}&#8220;]Sie erwarten, technisches Know-how aus einer Hand, Beratungskompetenz und Fairness? Wir bieten Ihnen ma\u00dfgeschneiderte L\u00f6sungen. Telefonanlagenbau P\u00f6tzsch wurde 1996 mit Eintrag in&hellip;<\/p>\n","protected":false},"author":1,"featured_media":0,"parent":0,"menu_order":0,"comment_status":"open","ping_status":"open","template":"","meta":{"footnotes":""},"class_list":["post-1455","page","type-page","status-publish","hentry","entry","no-media"],"_links":{"self":[{"href":"https:\/\/telefonanlagenbau.net\/index.php?rest_route=\/wp\/v2\/pages\/1455","targetHints":{"allow":["GET"]}}],"collection":[{"href":"https:\/\/telefonanlagenbau.net\/index.php?rest_route=\/wp\/v2\/pages"}],"about":[{"href":"https:\/\/telefonanlagenbau.net\/index.php?rest_route=\/wp\/v2\/types\/page"}],"author":[{"embeddable":true,"href":"https:\/\/telefonanlagenbau.net\/index.php?rest_route=\/wp\/v2\/users\/1"}],"replies":[{"embeddable":true,"href":"https:\/\/telefonanlagenbau.net\/index.php?rest_route=%2Fwp%2Fv2%2Fcomments&post=1455"}],"version-history":[{"count":12,"href":"https:\/\/telefonanlagenbau.net\/index.php?rest_route=\/wp\/v2\/pages\/1455\/revisions"}],"predecessor-version":[{"id":1816,"href":"https:\/\/telefonanlagenbau.net\/index.php?rest_route=\/wp\/v2\/pages\/1455\/revisions\/1816"}],"wp:attachment":[{"href":"https:\/\/telefonanlagenbau.net\/index.php?rest_route=%2Fwp%2Fv2%2Fmedia&parent=1455"}],"curies":[{"name":"wp","href":"https:\/\/api.w.org\/{rel}","templated":true}]}}