{"id":1400,"date":"2019-09-19T13:38:00","date_gmt":"2019-09-19T11:38:00","guid":{"rendered":"http:\/\/telefonanlagenbau.kratochwil.de\/?page_id=1400"},"modified":"2019-09-20T17:16:03","modified_gmt":"2019-09-20T15:16:03","slug":"home-2","status":"publish","type":"page","link":"https:\/\/telefonanlagenbau.net\/?page_id=1400","title":{"rendered":"Checkliste"},"content":{"rendered":"[vc_row css=&#8220;.vc_custom_1489784644316{padding-top: 60px !important;}&#8220;][vc_column]<div class=\"vcex-module vcex-heading vcex-heading-plain vc_custom_1568903577885\" style=\"color:#fc7216;font-weight:600;\"><span class=\"vcex-heading-inner clr\">CHECKLISTE<\/span><\/div>[vc_empty_space][vc_column_text css=&#8220;.vc_custom_1568903557018{border-left-width: 0px !important;padding-right: 20px !important;}&#8220;]<span class=\"grau\" style=\"font-size: 16px;\">In der folgenden Checkliste geben wir Ihnen die M\u00f6glichkeit, Ihren Bedarf zu analysieren. So k\u00f6nnen wir uns besser ein Bild ihrer Bed\u00fcrnisse machen und sie gezielter und schneller beraten.<\/span><\/p>\n<p><span class=\"grau\" style=\"font-size: 16px;\">Wir haben versucht, uns so einfach wie m\u00f6glich auszudr\u00fccken. Falls Sie nicht alles beantworten k\u00f6nnen, kein Problem, wir stehen Ihnen gerne mit Rat und Tat zur Seite.<\/span>[\/vc_column_text][vc_empty_space]\n<div class=\"wpcf7 no-js\" id=\"wpcf7-f6-o1\" lang=\"de-DE\" dir=\"ltr\" data-wpcf7-id=\"6\">\n<div class=\"screen-reader-response\"><p role=\"status\" aria-live=\"polite\" aria-atomic=\"true\"><\/p> <ul><\/ul><\/div>\n<form action=\"\/index.php?rest_route=%2Fwp%2Fv2%2Fpages%2F1400#wpcf7-f6-o1\" method=\"post\" class=\"wpcf7-form init\" aria-label=\"Kontaktformular\" novalidate=\"novalidate\" data-status=\"init\">\n<div style=\"display: none;\">\n<input type=\"hidden\" name=\"_wpcf7\" value=\"6\" \/>\n<input type=\"hidden\" name=\"_wpcf7_version\" value=\"6.0.6\" \/>\n<input type=\"hidden\" name=\"_wpcf7_locale\" value=\"de_DE\" \/>\n<input type=\"hidden\" name=\"_wpcf7_unit_tag\" value=\"wpcf7-f6-o1\" \/>\n<input type=\"hidden\" name=\"_wpcf7_container_post\" value=\"0\" \/>\n<input type=\"hidden\" name=\"_wpcf7_posted_data_hash\" value=\"\" \/>\n<\/div>\n<p>Ihr Name (Pflichtfeld)\n<\/p>\n<p><span class=\"wpcf7-form-control-wrap\" data-name=\"your-name\"><input size=\"40\" maxlength=\"400\" class=\"wpcf7-form-control wpcf7-text wpcf7-validates-as-required\" aria-required=\"true\" aria-invalid=\"false\" value=\"\" type=\"text\" name=\"your-name\" \/><\/span>\n<\/p>\n<p>Firma<br \/>\n<span class=\"wpcf7-form-control-wrap\" data-name=\"Firma\"><input size=\"40\" maxlength=\"400\" class=\"wpcf7-form-control wpcf7-text\" aria-invalid=\"false\" value=\"\" type=\"text\" name=\"Firma\" \/><\/span>\n<\/p>\n<p>Stra\u00dfe, Nr<br \/>\n<span class=\"wpcf7-form-control-wrap\" data-name=\"StrasseNr\"><input size=\"40\" maxlength=\"400\" class=\"wpcf7-form-control wpcf7-text\" aria-invalid=\"false\" value=\"\" type=\"text\" name=\"StrasseNr\" \/><\/span>\n<\/p>\n<p>Plz, Ort<br \/>\n<span class=\"wpcf7-form-control-wrap\" data-name=\"Plz\"><input size=\"5\" maxlength=\"400\" class=\"wpcf7-form-control wpcf7-text\" aria-invalid=\"false\" value=\"\" type=\"text\" name=\"Plz\" \/><\/span><span class=\"wpcf7-form-control-wrap\" data-name=\"Ort\"><input size=\"40\" maxlength=\"400\" class=\"wpcf7-form-control wpcf7-text\" aria-invalid=\"false\" value=\"\" type=\"text\" name=\"Ort\" \/><\/span>\n<\/p>\n<p>Telefon (Pflichtfeld)<br \/>\n<span class=\"wpcf7-form-control-wrap\" data-name=\"tel-19\"><input size=\"40\" maxlength=\"400\" class=\"wpcf7-form-control wpcf7-tel wpcf7-validates-as-required wpcf7-text wpcf7-validates-as-tel\" aria-required=\"true\" aria-invalid=\"false\" value=\"\" type=\"tel\" name=\"tel-19\" \/><\/span>\n<\/p>\n<p>Ihre E-Mail-Adresse<br \/>\n<span class=\"wpcf7-form-control-wrap\" data-name=\"your-email\"><input size=\"40\" maxlength=\"400\" class=\"wpcf7-form-control wpcf7-email wpcf7-text wpcf7-validates-as-email\" aria-invalid=\"false\" value=\"\" type=\"email\" name=\"your-email\" \/><\/span>\n<\/p>\n<hr noshade width=\"100%\" size=\"1\" align=\"left\" \/>\n<h3>Einsatz geplant im\n<\/h3>\n<p><span class=\"wpcf7-form-control-wrap\" data-name=\"checkbox-einsatz\"><span class=\"wpcf7-form-control wpcf7-checkbox\"><span class=\"wpcf7-list-item first\"><label><input type=\"checkbox\" name=\"checkbox-einsatz[]\" value=\"Privaten Umfeld\" \/><span class=\"wpcf7-list-item-label\">Privaten Umfeld<\/span><\/label><\/span><span class=\"wpcf7-list-item\"><label><input type=\"checkbox\" name=\"checkbox-einsatz[]\" value=\"Privat- und Gesch\u00e4ftshaus (HomeOffice)\" \/><span class=\"wpcf7-list-item-label\">Privat- und Gesch\u00e4ftshaus (HomeOffice)<\/span><\/label><\/span><span class=\"wpcf7-list-item last\"><label><input type=\"checkbox\" name=\"checkbox-einsatz[]\" value=\"Unternehmen\" \/><span class=\"wpcf7-list-item-label\">Unternehmen<\/span><\/label><\/span><\/span><\/span>\n<\/p>\n<hr noshade width=\"100%\" size=\"1\" align=\"left\" \/>\n<h3>AUSBAU intern (welche technische Ausstattung wird ben\u00f6tigt)\n<\/h3>\n<p><span class=\"wpcf7-form-control-wrap\" data-name=\"checkbox-377\"><span class=\"wpcf7-form-control wpcf7-checkbox\"><span class=\"wpcf7-list-item first\"><input type=\"checkbox\" name=\"checkbox-377[]\" value=\"bis 4 Teilnehmer\" \/><span class=\"wpcf7-list-item-label\">bis 4 Teilnehmer<\/span><\/span><span class=\"wpcf7-list-item\"><input type=\"checkbox\" name=\"checkbox-377[]\" value=\"von 5 bis 16 Teilnehmer\" \/><span class=\"wpcf7-list-item-label\">von 5 bis 16 Teilnehmer<\/span><\/span><span class=\"wpcf7-list-item last\"><input type=\"checkbox\" name=\"checkbox-377[]\" value=\"mehr als 16 Teilnehmer\" \/><span class=\"wpcf7-list-item-label\">mehr als 16 Teilnehmer<\/span><\/span><\/span><\/span>\n<\/p>\n<p><span class=\"wpcf7-form-control-wrap\" data-name=\"checkbox-466\"><span class=\"wpcf7-form-control wpcf7-checkbox\"><span class=\"wpcf7-list-item first\"><input type=\"checkbox\" name=\"checkbox-466[]\" value=\"UPN oder UP0 Ports zum Anschalten von Systembezogenen Endger\u00e4ten mit Komfortfunktionen und Sondertasten zur Anlagensteuerung\" \/><span class=\"wpcf7-list-item-label\">UPN oder UP0 Ports zum Anschalten von Systembezogenen Endger\u00e4ten mit Komfortfunktionen und Sondertasten zur Anlagensteuerung<\/span><\/span><span class=\"wpcf7-list-item\"><input type=\"checkbox\" name=\"checkbox-466[]\" value=\"IP-System Telefone\" \/><span class=\"wpcf7-list-item-label\">IP-System Telefone<\/span><\/span><span class=\"wpcf7-list-item\"><input type=\"checkbox\" name=\"checkbox-466[]\" value=\"SIP Endger\u00e4te\" \/><span class=\"wpcf7-list-item-label\">SIP Endger\u00e4te<\/span><\/span><span class=\"wpcf7-list-item last\"><input type=\"checkbox\" name=\"checkbox-466[]\" value=\"a\/b Ports nur f\u00fcr analoge Anschl\u00fcsse, z.B Fax, Anrufbeantworter\" \/><span class=\"wpcf7-list-item-label\">a\/b Ports nur f\u00fcr analoge Anschl\u00fcsse, z.B Fax, Anrufbeantworter<\/span><\/span><\/span><\/span>\n<\/p>\n<hr noshade width=\"100%\" size=\"1\" align=\"left\" \/>\n<h3>ANSCHLU\u00df an das \u00f6ffentliche Netz\n<\/h3>\n<p><span class=\"wpcf7-form-control-wrap\" data-name=\"checkbox-363\"><span class=\"wpcf7-form-control wpcf7-checkbox\"><span class=\"wpcf7-list-item first\"><input type=\"checkbox\" name=\"checkbox-363[]\" value=\"externe ISDN-Anschl\u00fcsse (NTBA)\" \/><span class=\"wpcf7-list-item-label\">externe ISDN-Anschl\u00fcsse (NTBA)<\/span><\/span><span class=\"wpcf7-list-item\"><input type=\"checkbox\" name=\"checkbox-363[]\" value=\"Prim\u00e4rmultiplexanschlu\u00df\" \/><span class=\"wpcf7-list-item-label\">Prim\u00e4rmultiplexanschlu\u00df<\/span><\/span><span class=\"wpcf7-list-item\"><input type=\"checkbox\" name=\"checkbox-363[]\" value=\"schaltbare ISDN-Anschl\u00fcsse (extern\/intern)\" \/><span class=\"wpcf7-list-item-label\">schaltbare ISDN-Anschl\u00fcsse (extern\/intern)<\/span><\/span><span class=\"wpcf7-list-item last\"><input type=\"checkbox\" name=\"checkbox-363[]\" value=\"IP-Telefonie - SIP-Anschl\u00fcsse\" \/><span class=\"wpcf7-list-item-label\">IP-Telefonie - SIP-Anschl\u00fcsse<\/span><\/span><\/span><\/span>\n<\/p>\n<hr noshade width=\"100%\" size=\"1\" align=\"left\" \/>\n<h3>FUNKTIONEN (w\u00fcnschenswerte Komfortausstattung)\n<\/h3>\n<p><span class=\"wpcf7-form-control-wrap\" data-name=\"checkbox-335\"><span class=\"wpcf7-form-control wpcf7-checkbox\"><span class=\"wpcf7-list-item first\"><input type=\"checkbox\" name=\"checkbox-335[]\" value=\"automatische Anrufverteilung- ACD\" \/><span class=\"wpcf7-list-item-label\">automatische Anrufverteilung- ACD<\/span><\/span><span class=\"wpcf7-list-item\"><input type=\"checkbox\" name=\"checkbox-335[]\" value=\"Ansage vor dem Melden\" \/><span class=\"wpcf7-list-item-label\">Ansage vor dem Melden<\/span><\/span><span class=\"wpcf7-list-item\"><input type=\"checkbox\" name=\"checkbox-335[]\" value=\"Mehrfirmenunterst\u00fctzung\" \/><span class=\"wpcf7-list-item-label\">Mehrfirmenunterst\u00fctzung<\/span><\/span><span class=\"wpcf7-list-item\"><input type=\"checkbox\" name=\"checkbox-335[]\" value=\"T\u00fcrsprechstelle anschlie\u00dfbar\" \/><span class=\"wpcf7-list-item-label\">T\u00fcrsprechstelle anschlie\u00dfbar<\/span><\/span><span class=\"wpcf7-list-item\"><input type=\"checkbox\" name=\"checkbox-335[]\" value=\"Anrufbeantworter (VoiceMail) integriert f\u00fcr jeden Mitarbeiter\" \/><span class=\"wpcf7-list-item-label\">Anrufbeantworter (VoiceMail) integriert f\u00fcr jeden Mitarbeiter<\/span><\/span><span class=\"wpcf7-list-item\"><input type=\"checkbox\" name=\"checkbox-335[]\" value=\"Mehrere Anlagen und Standorte vernetzbar  (z.B.nzwischen Berlin und Hamburg)\" \/><span class=\"wpcf7-list-item-label\">Mehrere Anlagen und Standorte vernetzbar  (z.B.nzwischen Berlin und Hamburg)<\/span><\/span><span class=\"wpcf7-list-item\"><input type=\"checkbox\" name=\"checkbox-335[]\" value=\"CTI-L\u00f6sung mit Integration in Microsoft Outlook\/Exchange\" \/><span class=\"wpcf7-list-item-label\">CTI-L\u00f6sung mit Integration in Microsoft Outlook\/Exchange<\/span><\/span><span class=\"wpcf7-list-item\"><input type=\"checkbox\" name=\"checkbox-335[]\" value=\"Mobilit\u00e4t- DECT, IP-DECT, WLAN-L\u00f6sungen\" \/><span class=\"wpcf7-list-item-label\">Mobilit\u00e4t- DECT, IP-DECT, WLAN-L\u00f6sungen<\/span><\/span><span class=\"wpcf7-list-item last\"><input type=\"checkbox\" name=\"checkbox-335[]\" value=\"Integration von Smartphones\" \/><span class=\"wpcf7-list-item-label\">Integration von Smartphones<\/span><\/span><\/span><\/span>\n<\/p>\n<hr noshade width=\"100%\" size=\"1\" align=\"left\" \/>\n<h3>WEITERE ARBEITEN sind notwendig\n<\/h3>\n<p><span class=\"wpcf7-form-control-wrap\" data-name=\"checkbox-889\"><span class=\"wpcf7-form-control wpcf7-checkbox\"><span class=\"wpcf7-list-item first\"><input type=\"checkbox\" name=\"checkbox-889[]\" value=\"Netzwerkverkabelung ben\u00f6tigt\" \/><span class=\"wpcf7-list-item-label\">Netzwerkverkabelung ben\u00f6tigt<\/span><\/span><span class=\"wpcf7-list-item\"><input type=\"checkbox\" name=\"checkbox-889[]\" value=\"Telefonverkabelung ben\u00f6tigt\" \/><span class=\"wpcf7-list-item-label\">Telefonverkabelung ben\u00f6tigt<\/span><\/span><span class=\"wpcf7-list-item\"><input type=\"checkbox\" name=\"checkbox-889[]\" value=\"Rechnersystem wird ben\u00f6tigt\" \/><span class=\"wpcf7-list-item-label\">Rechnersystem wird ben\u00f6tigt<\/span><\/span><span class=\"wpcf7-list-item\"><input type=\"checkbox\" name=\"checkbox-889[]\" value=\"Serversystem wird ben\u00f6tigt\" \/><span class=\"wpcf7-list-item-label\">Serversystem wird ben\u00f6tigt<\/span><\/span><span class=\"wpcf7-list-item last\"><input type=\"checkbox\" name=\"checkbox-889[]\" value=\"Apple MAC System wird ben\u00f6tigt\" \/><span class=\"wpcf7-list-item-label\">Apple MAC System wird ben\u00f6tigt<\/span><\/span><\/span><\/span>\n<\/p>\n<hr noshade width=\"100%\" size=\"1\" align=\"left\" \/>\n<p><input class=\"wpcf7-form-control wpcf7-submit has-spinner\" type=\"submit\" value=\"Senden\" \/>\n<\/p><div class=\"wpcf7-response-output\" aria-hidden=\"true\"><\/div>\n<\/form>\n<\/div>\n[\/vc_column][\/vc_row][vc_row][vc_column][vc_column_text][vc_row column_spacing=&#8220;0px&#8220; no_margins=&#8220;true&#8220;][vc_column visibility=&#8220;hidden-phone&#8220; el_class=&#8220;isdn2voip2&#8243;][vc_single_image image=&#8220;1383&#8243; onclick=&#8220;custom_link&#8220; link=&#8220;\/?page_id=1777&#8243;][\/vc_column][\/vc_row]\n[\/vc_column_text][\/vc_column][\/vc_row]\n","protected":false},"excerpt":{"rendered":"<p>[vc_row css=&#8220;.vc_custom_1489784644316{padding-top: 60px !important;}&#8220;][vc_column][vc_empty_space][vc_column_text css=&#8220;.vc_custom_1568903557018{border-left-width: 0px !important;padding-right: 20px !important;}&#8220;]In der folgenden Checkliste geben wir Ihnen die M\u00f6glichkeit, Ihren Bedarf zu analysieren. So k\u00f6nnen wir uns besser ein Bild ihrer Bed\u00fcrnisse machen und sie gezielter und schneller beraten. Wir haben versucht,&hellip;<\/p>\n","protected":false},"author":1,"featured_media":0,"parent":0,"menu_order":0,"comment_status":"open","ping_status":"open","template":"","meta":{"footnotes":""},"class_list":["post-1400","page","type-page","status-publish","hentry","entry","no-media"],"_links":{"self":[{"href":"https:\/\/telefonanlagenbau.net\/index.php?rest_route=\/wp\/v2\/pages\/1400","targetHints":{"allow":["GET"]}}],"collection":[{"href":"https:\/\/telefonanlagenbau.net\/index.php?rest_route=\/wp\/v2\/pages"}],"about":[{"href":"https:\/\/telefonanlagenbau.net\/index.php?rest_route=\/wp\/v2\/types\/page"}],"author":[{"embeddable":true,"href":"https:\/\/telefonanlagenbau.net\/index.php?rest_route=\/wp\/v2\/users\/1"}],"replies":[{"embeddable":true,"href":"https:\/\/telefonanlagenbau.net\/index.php?rest_route=%2Fwp%2Fv2%2Fcomments&post=1400"}],"version-history":[{"count":10,"href":"https:\/\/telefonanlagenbau.net\/index.php?rest_route=\/wp\/v2\/pages\/1400\/revisions"}],"predecessor-version":[{"id":1731,"href":"https:\/\/telefonanlagenbau.net\/index.php?rest_route=\/wp\/v2\/pages\/1400\/revisions\/1731"}],"wp:attachment":[{"href":"https:\/\/telefonanlagenbau.net\/index.php?rest_route=%2Fwp%2Fv2%2Fmedia&parent=1400"}],"curies":[{"name":"wp","href":"https:\/\/api.w.org\/{rel}","templated":true}]}}